{"id":710,"date":"2018-08-22T08:21:09","date_gmt":"2018-08-22T08:21:09","guid":{"rendered":"https:\/\/bookfarm.de\/impressum\/"},"modified":"2020-08-27T14:50:41","modified_gmt":"2020-08-27T12:50:41","slug":"impressum","status":"publish","type":"page","link":"https:\/\/bookfarm.de\/at\/impressum\/","title":{"rendered":"Impressum"},"content":{"rendered":"<div class=\"wpb-content-wrapper\"><p>[vc_row][vc_column][vc_empty_space height=&#8220;50&#8243;][vc_column_text]<\/p>\n<h1>Impressum<\/h1>\n<p>Antiquariat Bookfarm<br \/>\nLuftpark 2<br \/>\n04509 L\u00f6bnitz<\/p>\n<p>Umsatzident.Nr.: DE271183375<\/p>\n<p>E-Mail: <a href=\"mailto:seckfort@bookfarm.de\">seckfort@bookfarm.de<\/a><\/p>\n<p>Telefon: 0049-176-63260688<\/p>\n<p>Achtung!!!! Buchk\u00e4ufer bitte folgende Kontaktdaten nutzen:<\/p>\n<p><a href=\"mailto:kontakt@bookfarm.de\/\/\">kontakt@bookfarm.de<\/a><\/p>\n<p>+49-34208-780060<br \/>\n+49-173-5845738<\/p>\n<p>Verantwortlich f\u00fcr den Inhalt der Seite ist:<br \/>\nSebastian Seckfort (Inhaber)<br \/>\nAntiquariat Bookfarm<br \/>\nLuftpark 2<br \/>\n04509 L\u00f6bnitz<\/p>\n<p>Informationen zum Datenschutz finden Sie <a href=\"\/datenschutzerklaerung\/\">hier<\/a>.[\/vc_column_text][vc_empty_space height=&#8220;50&#8243;][\/vc_column][\/vc_row]<\/p>\n<\/div>","protected":false},"excerpt":{"rendered":"<p>[vc_row][vc_column][vc_empty_space height=&#8220;50&#8243;][vc_column_text] Impressum Antiquariat Bookfarm Luftpark 2 04509 L\u00f6bnitz Umsatzident.Nr.: DE271183375 E-Mail: seckfort@bookfarm.de Telefon: 0049-176-63260688 Achtung!!!! Buchk\u00e4ufer bitte folgende Kontaktdaten nutzen: kontakt@bookfarm.de +49-34208-780060 +49-173-5845738 Verantwortlich f\u00fcr den Inhalt der Seite ist: Sebastian Seckfort (Inhaber) Antiquariat Bookfarm Luftpark 2 04509 L\u00f6bnitz Informationen zum Datenschutz finden Sie hier.[\/vc_column_text][vc_empty_space height=&#8220;50&#8243;][\/vc_column][\/vc_row]<\/p>\n","protected":false},"author":23,"featured_media":0,"parent":0,"menu_order":0,"comment_status":"closed","ping_status":"closed","template":"page_no_sidebar.php","meta":{"site-sidebar-layout":"no-sidebar","site-content-layout":"plain-container","ast-site-content-layout":"default","site-content-style":"default","site-sidebar-style":"default","ast-global-header-display":"","ast-banner-title-visibility":"","ast-main-header-display":"","ast-hfb-above-header-display":"","ast-hfb-below-header-display":"","ast-hfb-mobile-header-display":"","site-post-title":"disabled","ast-breadcrumbs-content":"","ast-featured-img":"disabled","footer-sml-layout":"","ast-disable-related-posts":"","theme-transparent-header-meta":"","adv-header-id-meta":"","stick-header-meta":"","header-above-stick-meta":"","header-main-stick-meta":"","header-below-stick-meta":"","astra-migrate-meta-layouts":"default","ast-page-background-enabled":"default","ast-page-background-meta":{"desktop":{"background-color":"","background-image":"","background-repeat":"repeat","background-position":"center center","background-size":"auto","background-attachment":"scroll","background-type":"","background-media":"","overlay-type":"","overlay-color":"","overlay-opacity":"","overlay-gradient":""},"tablet":{"background-color":"","background-image":"","background-repeat":"repeat","background-position":"center center","background-size":"auto","background-attachment":"scroll","background-type":"","background-media":"","overlay-type":"","overlay-color":"","overlay-opacity":"","overlay-gradient":""},"mobile":{"background-color":"","background-image":"","background-repeat":"repeat","background-position":"center center","background-size":"auto","background-attachment":"scroll","background-type":"","background-media":"","overlay-type":"","overlay-color":"","overlay-opacity":"","overlay-gradient":""}},"ast-content-background-meta":{"desktop":{"background-color":"var(--ast-global-color-5)","background-image":"","background-repeat":"repeat","background-position":"center center","background-size":"auto","background-attachment":"scroll","background-type":"","background-media":"","overlay-type":"","overlay-color":"","overlay-opacity":"","overlay-gradient":""},"tablet":{"background-color":"var(--ast-global-color-5)","background-image":"","background-repeat":"repeat","background-position":"center center","background-size":"auto","background-attachment":"scroll","background-type":"","background-media":"","overlay-type":"","overlay-color":"","overlay-opacity":"","overlay-gradient":""},"mobile":{"background-color":"var(--ast-global-color-5)","background-image":"","background-repeat":"repeat","background-position":"center center","background-size":"auto","background-attachment":"scroll","background-type":"","background-media":"","overlay-type":"","overlay-color":"","overlay-opacity":"","overlay-gradient":""}},"footnotes":""},"class_list":["post-710","page","type-page","status-publish","hentry"],"yoast_head":"<!-- This site is optimized with the Yoast SEO plugin v27.4 - https:\/\/yoast.com\/product\/yoast-seo-wordpress\/ -->\n<title>Impressum - Bookfarm<\/title>\n<meta name=\"robots\" content=\"index, follow, max-snippet:-1, max-image-preview:large, max-video-preview:-1\" \/>\n<link rel=\"canonical\" href=\"https:\/\/bookfarm.de\/at\/impressum\/\" \/>\n<meta property=\"og:locale\" content=\"de_DE\" \/>\n<meta property=\"og:type\" content=\"article\" \/>\n<meta property=\"og:title\" content=\"Impressum - Bookfarm\" \/>\n<meta property=\"og:description\" content=\"[vc_row][vc_column][vc_empty_space height=&#8220;50&#8243;][vc_column_text] Impressum Antiquariat Bookfarm Luftpark 2 04509 L\u00f6bnitz Umsatzident.Nr.: DE271183375 E-Mail: seckfort@bookfarm.de Telefon: 0049-176-63260688 Achtung!!!! Buchk\u00e4ufer bitte folgende Kontaktdaten nutzen: kontakt@bookfarm.de +49-34208-780060 +49-173-5845738 Verantwortlich f\u00fcr den Inhalt der Seite ist: Sebastian Seckfort (Inhaber) Antiquariat Bookfarm Luftpark 2 04509 L\u00f6bnitz Informationen zum Datenschutz finden Sie hier.[\/vc_column_text][vc_empty_space height=&#8220;50&#8243;][\/vc_column][\/vc_row]\" \/>\n<meta property=\"og:url\" content=\"https:\/\/bookfarm.de\/at\/impressum\/\" \/>\n<meta property=\"og:site_name\" content=\"Bookfarm\" \/>\n<meta property=\"article:modified_time\" content=\"2020-08-27T12:50:41+00:00\" \/>\n<meta name=\"twitter:card\" content=\"summary_large_image\" \/>\n<script type=\"application\/ld+json\" class=\"yoast-schema-graph\">{\"@context\":\"https:\\\/\\\/schema.org\",\"@graph\":[{\"@type\":\"WebPage\",\"@id\":\"https:\\\/\\\/bookfarm.de\\\/at\\\/impressum\\\/\",\"url\":\"https:\\\/\\\/bookfarm.de\\\/at\\\/impressum\\\/\",\"name\":\"Impressum - Bookfarm\",\"isPartOf\":{\"@id\":\"https:\\\/\\\/bookfarm.de\\\/#website\"},\"datePublished\":\"2018-08-22T08:21:09+00:00\",\"dateModified\":\"2020-08-27T12:50:41+00:00\",\"breadcrumb\":{\"@id\":\"https:\\\/\\\/bookfarm.de\\\/at\\\/impressum\\\/#breadcrumb\"},\"inLanguage\":\"de-AT\",\"potentialAction\":[{\"@type\":\"ReadAction\",\"target\":[\"https:\\\/\\\/bookfarm.de\\\/at\\\/impressum\\\/\"]}]},{\"@type\":\"BreadcrumbList\",\"@id\":\"https:\\\/\\\/bookfarm.de\\\/at\\\/impressum\\\/#breadcrumb\",\"itemListElement\":[{\"@type\":\"ListItem\",\"position\":1,\"name\":\"Startseite\",\"item\":\"https:\\\/\\\/bookfarm.de\\\/at\\\/\"},{\"@type\":\"ListItem\",\"position\":2,\"name\":\"Impressum\"}]},{\"@type\":\"WebSite\",\"@id\":\"https:\\\/\\\/bookfarm.de\\\/#website\",\"url\":\"https:\\\/\\\/bookfarm.de\\\/\",\"name\":\"Bookfarm\",\"description\":\"2tes Leben f\u00fcr B\u00fccher\",\"publisher\":{\"@id\":\"https:\\\/\\\/bookfarm.de\\\/#organization\"},\"potentialAction\":[{\"@type\":\"SearchAction\",\"target\":{\"@type\":\"EntryPoint\",\"urlTemplate\":\"https:\\\/\\\/bookfarm.de\\\/?s={search_term_string}\"},\"query-input\":{\"@type\":\"PropertyValueSpecification\",\"valueRequired\":true,\"valueName\":\"search_term_string\"}}],\"inLanguage\":\"de-AT\"},{\"@type\":\"Organization\",\"@id\":\"https:\\\/\\\/bookfarm.de\\\/#organization\",\"name\":\"Bookfarm\",\"url\":\"https:\\\/\\\/bookfarm.de\\\/\",\"logo\":{\"@type\":\"ImageObject\",\"inLanguage\":\"de-AT\",\"@id\":\"https:\\\/\\\/bookfarm.de\\\/#\\\/schema\\\/logo\\\/image\\\/\",\"url\":\"https:\\\/\\\/i1.wp.com\\\/bookfarm.de\\\/wp-content\\\/uploads\\\/2018\\\/09\\\/bookfarm_logo_seo.png?fit=700%2C281&ssl=1\",\"contentUrl\":\"https:\\\/\\\/i1.wp.com\\\/bookfarm.de\\\/wp-content\\\/uploads\\\/2018\\\/09\\\/bookfarm_logo_seo.png?fit=700%2C281&ssl=1\",\"width\":700,\"height\":281,\"caption\":\"Bookfarm\"},\"image\":{\"@id\":\"https:\\\/\\\/bookfarm.de\\\/#\\\/schema\\\/logo\\\/image\\\/\"}}]}<\/script>\n<!-- \/ Yoast SEO plugin. -->","yoast_head_json":{"title":"Impressum - Bookfarm","robots":{"index":"index","follow":"follow","max-snippet":"max-snippet:-1","max-image-preview":"max-image-preview:large","max-video-preview":"max-video-preview:-1"},"canonical":"https:\/\/bookfarm.de\/at\/impressum\/","og_locale":"de_DE","og_type":"article","og_title":"Impressum - Bookfarm","og_description":"[vc_row][vc_column][vc_empty_space height=&#8220;50&#8243;][vc_column_text] Impressum Antiquariat Bookfarm Luftpark 2 04509 L\u00f6bnitz Umsatzident.Nr.: DE271183375 E-Mail: seckfort@bookfarm.de Telefon: 0049-176-63260688 Achtung!!!! Buchk\u00e4ufer bitte folgende Kontaktdaten nutzen: kontakt@bookfarm.de +49-34208-780060 +49-173-5845738 Verantwortlich f\u00fcr den Inhalt der Seite ist: Sebastian Seckfort (Inhaber) Antiquariat Bookfarm Luftpark 2 04509 L\u00f6bnitz Informationen zum Datenschutz finden Sie hier.[\/vc_column_text][vc_empty_space height=&#8220;50&#8243;][\/vc_column][\/vc_row]","og_url":"https:\/\/bookfarm.de\/at\/impressum\/","og_site_name":"Bookfarm","article_modified_time":"2020-08-27T12:50:41+00:00","twitter_card":"summary_large_image","schema":{"@context":"https:\/\/schema.org","@graph":[{"@type":"WebPage","@id":"https:\/\/bookfarm.de\/at\/impressum\/","url":"https:\/\/bookfarm.de\/at\/impressum\/","name":"Impressum - Bookfarm","isPartOf":{"@id":"https:\/\/bookfarm.de\/#website"},"datePublished":"2018-08-22T08:21:09+00:00","dateModified":"2020-08-27T12:50:41+00:00","breadcrumb":{"@id":"https:\/\/bookfarm.de\/at\/impressum\/#breadcrumb"},"inLanguage":"de-AT","potentialAction":[{"@type":"ReadAction","target":["https:\/\/bookfarm.de\/at\/impressum\/"]}]},{"@type":"BreadcrumbList","@id":"https:\/\/bookfarm.de\/at\/impressum\/#breadcrumb","itemListElement":[{"@type":"ListItem","position":1,"name":"Startseite","item":"https:\/\/bookfarm.de\/at\/"},{"@type":"ListItem","position":2,"name":"Impressum"}]},{"@type":"WebSite","@id":"https:\/\/bookfarm.de\/#website","url":"https:\/\/bookfarm.de\/","name":"Bookfarm","description":"2tes Leben f\u00fcr B\u00fccher","publisher":{"@id":"https:\/\/bookfarm.de\/#organization"},"potentialAction":[{"@type":"SearchAction","target":{"@type":"EntryPoint","urlTemplate":"https:\/\/bookfarm.de\/?s={search_term_string}"},"query-input":{"@type":"PropertyValueSpecification","valueRequired":true,"valueName":"search_term_string"}}],"inLanguage":"de-AT"},{"@type":"Organization","@id":"https:\/\/bookfarm.de\/#organization","name":"Bookfarm","url":"https:\/\/bookfarm.de\/","logo":{"@type":"ImageObject","inLanguage":"de-AT","@id":"https:\/\/bookfarm.de\/#\/schema\/logo\/image\/","url":"https:\/\/i1.wp.com\/bookfarm.de\/wp-content\/uploads\/2018\/09\/bookfarm_logo_seo.png?fit=700%2C281&ssl=1","contentUrl":"https:\/\/i1.wp.com\/bookfarm.de\/wp-content\/uploads\/2018\/09\/bookfarm_logo_seo.png?fit=700%2C281&ssl=1","width":700,"height":281,"caption":"Bookfarm"},"image":{"@id":"https:\/\/bookfarm.de\/#\/schema\/logo\/image\/"}}]}},"_links":{"self":[{"href":"https:\/\/bookfarm.de\/at\/wp-json\/wp\/v2\/pages\/710","targetHints":{"allow":["GET"]}}],"collection":[{"href":"https:\/\/bookfarm.de\/at\/wp-json\/wp\/v2\/pages"}],"about":[{"href":"https:\/\/bookfarm.de\/at\/wp-json\/wp\/v2\/types\/page"}],"author":[{"embeddable":true,"href":"https:\/\/bookfarm.de\/at\/wp-json\/wp\/v2\/users\/23"}],"replies":[{"embeddable":true,"href":"https:\/\/bookfarm.de\/at\/wp-json\/wp\/v2\/comments?post=710"}],"version-history":[{"count":0,"href":"https:\/\/bookfarm.de\/at\/wp-json\/wp\/v2\/pages\/710\/revisions"}],"wp:attachment":[{"href":"https:\/\/bookfarm.de\/at\/wp-json\/wp\/v2\/media?parent=710"}],"curies":[{"name":"wp","href":"https:\/\/api.w.org\/{rel}","templated":true}]}}