{"id":561,"date":"2018-08-05T11:56:33","date_gmt":"2018-08-05T11:56:33","guid":{"rendered":"https:\/\/bookfarm.de\/bookfarm\/"},"modified":"2021-06-07T11:32:05","modified_gmt":"2021-06-07T09:32:05","slug":"bookfarm","status":"publish","type":"page","link":"https:\/\/bookfarm.de\/fr\/","title":{"rendered":"Votre partenaire biblioth\u00e9caire"},"content":{"rendered":"<div class=\"wpb-content-wrapper\"><p>[vc_section css=\u00a0\u00bb.vc_custom_1533494019344{padding-bottom: 0px !important;background-color: #ffffff !important;}\u00a0\u00bb][vc_row content_placement=\u00a0\u00bbmiddle\u00a0\u00bb][vc_column width=\u00a0\u00bb5\/12&Prime;][vc_column_text]<\/p>\n<h3>Votre partenaire biblioth\u00e9caire<\/h3>\n<h1>Trier \u2013 rien de plus ais\u00e9<\/h1>\n<p>Le livre symbolise \u00e9ducation et savoir. Or, la r\u00e9volution num\u00e9rique place les biblioth\u00e8ques devant de nouveaux d\u00e9fis. Et pourtant, chaque jour l\u2019un ou l\u2019autre de nos clients s\u2019enthousiasme sur notre bouquinerie en ligne d\u2019avoir enfin trouv\u00e9 un ancien livre apr\u00e8s l\u2019avoir tant recherch\u00e9. Une telle estime des livres nous motive.<\/p>\n<p><a class=\"btn btn--primary type--uppercase\" href=\"https:\/\/bookfarm.de\/fr\/leistungen\/\" rel=\"noopener\">D\u00e9marrez maintenant!<\/a><span class=\"block type--fine-print\">\u00a0<a href=\"https:\/\/bookfarm.de\/fr\/faq\/\">Pour en savoir plus<\/a><\/span>[\/vc_column_text][\/vc_column][vc_column width=\u00a0\u00bb1\/12&Prime;][\/vc_column][vc_column width=\u00a0\u00bb6\/12&Prime;][vc_single_image image=\u00a0\u00bb127&Prime; img_size=\u00a0\u00bbfull\u00a0\u00bb alignment=\u00a0\u00bbright\u00a0\u00bb][\/vc_column][\/vc_row][\/vc_section][vc_section][vc_row show_extra=\u00a0\u00bbfalse\u00a0\u00bb][vc_column width=\u00a0\u00bb1\/3&Prime;][vc_single_image image=\u00a0\u00bb556&Prime; img_size=\u00a0\u00bbfull\u00a0\u00bb alignment=\u00a0\u00bbcenter\u00a0\u00bb css=\u00a0\u00bb.vc_custom_1535460368027{padding-top: 60px !important;padding-right: 60px !important;padding-bottom: 60px !important;padding-left: 60px !important;}\u00a0\u00bb][vc_column_text]<\/p>\n<h4>Trier, le stress en moins !<\/h4>\n<p>Devoir trier ou faire de la place dans les rayons est une op\u00e9ration d\u00e9licate. C\u2019est pourquoi les biblioth\u00e8ques d\u00e9pensent souvent une \u00e9nergie consid\u00e9rable pour se d\u00e9barrasser de livres avec toute la pr\u00e9caution n\u00e9cessaire.<\/p>\n<p><a href=\"https:\/\/bookfarm.de\/fr\/FAQ\/\">Plus\u2026<\/a>[\/vc_column_text][\/vc_column][vc_column width=\u00a0\u00bb1\/3&Prime;][vc_single_image image=\u00a0\u00bb552&Prime; img_size=\u00a0\u00bbfull\u00a0\u00bb alignment=\u00a0\u00bbcenter\u00a0\u00bb css=\u00a0\u00bb.vc_custom_1535460074633{padding-top: 60px !important;padding-right: 60px !important;padding-bottom: 60px !important;padding-left: 60px !important;}\u00a0\u00bb][vc_column_text]<\/p>\n<h4>Rapidement sur place<\/h4>\n<p>Bookfarm compte quelque 600 biblioth\u00e8ques partenaires en Allemagne, Autriche, Suisse et R\u00e9publique tch\u00e8que. De Kiel \u00e0 B\u00e2le et de Berlin \u00e0 Graz \u2013 Bookfarm est partout !<\/p>\n<p><a href=\"https:\/\/bookfarm.de\/fr\/FAQ\/\">Plus\u2026<\/a>[\/vc_column_text][\/vc_column][vc_column width=\u00a0\u00bb1\/3&Prime;][vc_single_image image=\u00a0\u00bb518&Prime; img_size=\u00a0\u00bbfull\u00a0\u00bb alignment=\u00a0\u00bbcenter\u00a0\u00bb css=\u00a0\u00bb.vc_custom_1535208464724{padding: 60px !important;}\u00a0\u00bb][vc_column_text]<\/p>\n<h4>R\u00e9tribution modulable<\/h4>\n<p>Nous taxons les livres en fonction des crit\u00e8res suivants : \u00e9tat, traces d\u2019usage, th\u00e9matique, disponibilit\u00e9 num\u00e9rique, valeur historique ou d\u2019usage..<\/p>\n<p><a href=\"https:\/\/bookfarm.de\/fr\/FAQ\/\">Plus\u2026<\/a>[\/vc_column_text][\/vc_column][\/vc_row][vc_row show_large=\u00a0\u00bbfalse\u00a0\u00bb show_medium=\u00a0\u00bbfalse\u00a0\u00bb show_small=\u00a0\u00bbfalse\u00a0\u00bb][vc_column width=\u00a0\u00bb1\/3&Prime;][vc_column_text]<\/p>\n<h4>Trier, le stress en moins !<\/h4>\n<p>Devoir trier ou faire de la place dans les rayons est une op\u00e9ration d\u00e9licate. C\u2019est pourquoi les biblioth\u00e8ques d\u00e9pensent souvent une \u00e9nergie consid\u00e9rable pour se d\u00e9barrasser de livres avec toute la pr\u00e9caution n\u00e9cessaire.<\/p>\n<p><a href=\"https:\/\/bookfarm.de\/fr\/FAQ\/\">Plus\u2026<\/a>[\/vc_column_text][vc_single_image image=\u00a0\u00bb556&Prime; img_size=\u00a0\u00bbfull\u00a0\u00bb alignment=\u00a0\u00bbcenter\u00a0\u00bb css=\u00a0\u00bb.vc_custom_1535460368027{padding-top: 60px !important;padding-right: 60px !important;padding-bottom: 60px !important;padding-left: 60px !important;}\u00a0\u00bb][\/vc_column][vc_column width=\u00a0\u00bb1\/3&Prime;][vc_column_text]<\/p>\n<h4>Rapidement sur place<\/h4>\n<p>Bookfarm compte quelque 600 biblioth\u00e8ques partenaires en Allemagne, Autriche, Suisse et R\u00e9publique tch\u00e8que. De Kiel \u00e0 B\u00e2le et de Berlin \u00e0 Graz \u2013 Bookfarm est partout !<\/p>\n<p><a href=\"https:\/\/bookfarm.de\/fr\/FAQ\/\">Plus\u2026<\/a>[\/vc_column_text][vc_single_image image=\u00a0\u00bb552&Prime; img_size=\u00a0\u00bbfull\u00a0\u00bb alignment=\u00a0\u00bbcenter\u00a0\u00bb css=\u00a0\u00bb.vc_custom_1535460074633{padding-top: 60px !important;padding-right: 60px !important;padding-bottom: 60px !important;padding-left: 60px !important;}\u00a0\u00bb][\/vc_column][vc_column width=\u00a0\u00bb1\/3&Prime;][vc_column_text]<\/p>\n<h4>R\u00e9tribution modulable<\/h4>\n<p>Nous taxons les livres en fonction des crit\u00e8res suivants : \u00e9tat, traces d\u2019usage, th\u00e9matique, disponibilit\u00e9 num\u00e9rique, valeur historique ou d\u2019usage..<\/p>\n<p><a href=\"https:\/\/bookfarm.de\/fr\/FAQ\/\">Plus\u2026<\/a>[\/vc_column_text][vc_single_image image=\u00a0\u00bb518&Prime; img_size=\u00a0\u00bbfull\u00a0\u00bb alignment=\u00a0\u00bbcenter\u00a0\u00bb css=\u00a0\u00bb.vc_custom_1535208464724{padding: 60px !important;}\u00a0\u00bb][\/vc_column][\/vc_row][\/vc_section][vc_row ts_row_bg_effects=\u00a0\u00bbyoutube\u00a0\u00bb video_youtube=\u00a0\u00bbhttps:\/\/www.youtube.com\/watch?v=d7oba6n0HWE\u00a0\u00bb video_start=\u00a0\u00bbtrue\u00a0\u00bb video_controls=\u00a0\u00bbfalse\u00a0\u00bb el_class=\u00a0\u00bbborder&#8211;round box-shadow-wide\u00a0\u00bb][vc_column width=\u00a0\u00bb1\/4&Prime;][\/vc_column][vc_column width=\u00a0\u00bb1\/2&Prime;][vc_empty_space height=\u00a0\u00bb75px\u00a0\u00bb][vc_column_text el_class=\u00a0\u00bbwhitetext\u00a0\u00bb]<\/p>\n<h2 style=\"text-align: center;\"><span style=\"color: #ffffff;\">Le sp\u00e9cialiste en d\u00e9sherbage <\/span><\/h2>\n<h4 style=\"text-align: center;\"><span style=\"color: #ffffff;\">Brochures ? litt\u00e9rature grise ? tir\u00e9s \u00e0 part ?&#8230; tout imprim\u00e9 nous int\u00e9resse!<\/span><\/h4>\n<p>[\/vc_column_text][vc_empty_space height=\u00a0\u00bb75px\u00a0\u00bb][\/vc_column][vc_column width=\u00a0\u00bb1\/4&Prime;][\/vc_column][\/vc_row][vc_section][vc_row gap=\u00a0\u00bb25&Prime; content_placement=\u00a0\u00bbtop\u00a0\u00bb][vc_column width=\u00a0\u00bb1\/12&Prime;][\/vc_column][vc_column width=\u00a0\u00bb4\/12&Prime;][vc_column_text]<\/p>\n<h2>6 bonnes raisons<\/h2>\n<h3>pour une biblioth\u00e8que de coop\u00e9rer avec Bookfarm :<\/h3>\n<p>[\/vc_column_text][vc_single_image image=\u00a0\u00bb444&Prime; img_size=\u00a0\u00bbfull\u00a0\u00bb alignment=\u00a0\u00bbcenter\u00a0\u00bb][\/vc_column][vc_column width=\u00a0\u00bb1\/12&Prime;][\/vc_column][vc_column width=\u00a0\u00bb5\/12&Prime;][vc_empty_space height=\u00a0\u00bb50px\u00a0\u00bb][vc_column_text]<\/p>\n<h4>1. mise \u00e0 jour des collections<\/h4>\n<h4>2. comparaison des ouvrages \u00e0 double<\/h4>\n<h4>3. recyclage du papier<\/h4>\n<h4>4. prise en charge de collections partielles<\/h4>\n<h4>5. \u00e9limination de titres non r\u00e9pertori\u00e9s issus de donations<\/h4>\n<h4>6. fermeture de biblioth\u00e8que<\/h4>\n<p>[\/vc_column_text][\/vc_column][vc_column width=\u00a0\u00bb1\/12&Prime;][\/vc_column][\/vc_row][\/vc_section][vc_section][vc_row][vc_column][vc_column_text]\t\t<div data-elementor-type=\"section\" data-elementor-id=\"1569\" class=\"elementor elementor-1569 elementor-1546\" data-elementor-post-type=\"elementor_library\">\n\t\t\t\t\t<section class=\"elementor-section elementor-top-section elementor-element elementor-element-eda5659 elementor-section-full_width elementor-section-height-default elementor-section-height-default\" data-id=\"eda5659\" data-element_type=\"section\" data-e-type=\"section\">\n\t\t\t\t\t\t<div class=\"elementor-container elementor-column-gap-default\">\n\t\t\t\t\t<div class=\"elementor-column elementor-col-100 elementor-top-column elementor-element elementor-element-5bd7240\" data-id=\"5bd7240\" data-element_type=\"column\" data-e-type=\"column\">\n\t\t\t<div class=\"elementor-widget-wrap elementor-element-populated\">\n\t\t\t\t\t\t<div class=\"elementor-element elementor-element-a9c3014 elementor-testimonial--skin-bubble elementor-testimonial--layout-image_inline elementor-testimonial--align-center elementor-arrows-yes elementor-pagination-type-bullets elementor-widget elementor-widget-testimonial-carousel\" data-id=\"a9c3014\" data-element_type=\"widget\" data-e-type=\"widget\" data-settings=\"{&quot;show_arrows&quot;:&quot;yes&quot;,&quot;pagination&quot;:&quot;bullets&quot;,&quot;speed&quot;:500,&quot;autoplay&quot;:&quot;yes&quot;,&quot;autoplay_speed&quot;:5000,&quot;loop&quot;:&quot;yes&quot;,&quot;pause_on_hover&quot;:&quot;yes&quot;,&quot;pause_on_interaction&quot;:&quot;yes&quot;,&quot;space_between&quot;:{&quot;unit&quot;:&quot;px&quot;,&quot;size&quot;:10,&quot;sizes&quot;:[]},&quot;space_between_tablet&quot;:{&quot;unit&quot;:&quot;px&quot;,&quot;size&quot;:10,&quot;sizes&quot;:[]},&quot;space_between_mobile&quot;:{&quot;unit&quot;:&quot;px&quot;,&quot;size&quot;:10,&quot;sizes&quot;:[]}}\" data-widget_type=\"testimonial-carousel.default\">\n\t\t\t\t<div class=\"elementor-widget-container\">\n\t\t\t\t\t\t\t\t\t<div class=\"elementor-swiper\">\n\t\t\t\t\t<div class=\"elementor-main-swiper swiper\" role=\"region\" aria-roledescription=\"carousel\" aria-label=\"Slides\">\n\t\t\t\t<div class=\"swiper-wrapper\">\n\t\t\t\t\t\t\t\t\t\t\t<div class=\"swiper-slide\" role=\"group\" aria-roledescription=\"slide\">\n\t\t\t\t\t\t\t\t\t<div class=\"elementor-testimonial\">\n\t\t\t\t\t\t\t<div class=\"elementor-testimonial__content\">\n\t\t\t\t\t<div class=\"elementor-testimonial__text\">\n\t\t\t\t\t\t<p>Nach der m\u00fchevollen Anbietung \u00fcber Mailinglisten bin ich froh, dass es die Bookfarm gibt.<\/p>\n\t\t\t\t\t<\/div>\n\t\t\t\t\t\t\t\t\t<\/div>\n\t\t\t\t\t\t<div class=\"elementor-testimonial__footer\">\n\t\t\t\t\t\t\t\t<cite class=\"elementor-testimonial__cite\"><span class=\"elementor-testimonial__name\">Petra Schulze<\/span><span class=\"elementor-testimonial__title\">CEO<\/span><\/cite>\t\t\t<\/div>\n\t\t<\/div>\n\t\t\t\t\t\t\t\t<\/div>\n\t\t\t\t\t\t\t\t\t\t\t<div class=\"swiper-slide\" role=\"group\" aria-roledescription=\"slide\">\n\t\t\t\t\t\t\t\t\t<div class=\"elementor-testimonial\">\n\t\t\t\t\t\t\t<div class=\"elementor-testimonial__content\">\n\t\t\t\t\t<div class=\"elementor-testimonial__text\">\n\t\t\t\t\t\t<p>Ruft man Bookfarm zu Hilfe, kann man ziemlich sicher sein, seine Regale zeitnah wieder frei zu bekommen.<\/p>\n\t\t\t\t\t<\/div>\n\t\t\t\t\t\t\t\t\t<\/div>\n\t\t\t\t\t\t<div class=\"elementor-testimonial__footer\">\n\t\t\t\t\t\t\t\t<cite class=\"elementor-testimonial__cite\"><span class=\"elementor-testimonial__name\">Dr. Rainer-Maria Kiel<\/span><span class=\"elementor-testimonial__title\">CEO<\/span><\/cite>\t\t\t<\/div>\n\t\t<\/div>\n\t\t\t\t\t\t\t\t<\/div>\n\t\t\t\t\t\t\t\t\t\t\t<div class=\"swiper-slide\" role=\"group\" aria-roledescription=\"slide\">\n\t\t\t\t\t\t\t\t\t<div class=\"elementor-testimonial\">\n\t\t\t\t\t\t\t<div class=\"elementor-testimonial__content\">\n\t\t\t\t\t<div class=\"elementor-testimonial__text\">\n\t\t\t\t\t\t<p>Seit zwei Jahren holt die Bookfarm die nicht verkauften Best\u00e4nde aller Art ab. Die Zusammenarbeit und prompte Abholung gestaltet sich immer besser.<\/p>\n\t\t\t\t\t<\/div>\n\t\t\t\t\t\t\t\t\t<\/div>\n\t\t\t\t\t\t<div class=\"elementor-testimonial__footer\">\n\t\t\t\t\t\t\t\t<cite class=\"elementor-testimonial__cite\"><span class=\"elementor-testimonial__name\">Dr. Daniel H\u00f6rnemann<\/span><span class=\"elementor-testimonial__title\">CEO<\/span><\/cite>\t\t\t<\/div>\n\t\t<\/div>\n\t\t\t\t\t\t\t\t<\/div>\n\t\t\t\t\t\t\t\t\t\t\t<div class=\"swiper-slide\" role=\"group\" aria-roledescription=\"slide\">\n\t\t\t\t\t\t\t\t\t<div class=\"elementor-testimonial\">\n\t\t\t\t\t\t\t<div class=\"elementor-testimonial__content\">\n\t\t\t\t\t<div class=\"elementor-testimonial__text\">\n\t\t\t\t\t\t<p>Bookfarm kommt, verpackt und transportiert die B\u00fccher und Zeitschriften, ohne dass wir Arbeit haben oder Kosten anfallen. Und das Beste: Bookfarm findet die passenden neuen Leser.<\/p>\n\t\t\t\t\t<\/div>\n\t\t\t\t\t\t\t\t\t<\/div>\n\t\t\t\t\t\t<div class=\"elementor-testimonial__footer\">\n\t\t\t\t\t\t\t\t<cite class=\"elementor-testimonial__cite\"><span class=\"elementor-testimonial__name\">Thomas Rosemann<\/span><span class=\"elementor-testimonial__title\">CEO<\/span><\/cite>\t\t\t<\/div>\n\t\t<\/div>\n\t\t\t\t\t\t\t\t<\/div>\n\t\t\t\t\t\t\t\t\t<\/div>\n\t\t\t\t\t\t\t\t\t\t\t\t\t\t\t<div class=\"elementor-swiper-button elementor-swiper-button-prev\" role=\"button\" tabindex=\"0\" aria-label=\"Previous\">\n\t\t\t\t\t\t\t<svg aria-hidden=\"true\" class=\"e-font-icon-svg e-eicon-chevron-left\" viewBox=\"0 0 1000 1000\" xmlns=\"http:\/\/www.w3.org\/2000\/svg\"><path d=\"M646 125C629 125 613 133 604 142L308 442C296 454 292 471 292 487 292 504 296 521 308 533L604 854C617 867 629 875 646 875 663 875 679 871 692 858 704 846 713 829 713 812 713 796 708 779 692 767L438 487 692 225C700 217 708 204 708 187 708 171 704 154 692 142 675 129 663 125 646 125Z\"><\/path><\/svg>\t\t\t\t\t\t<\/div>\n\t\t\t\t\t\t<div class=\"elementor-swiper-button elementor-swiper-button-next\" role=\"button\" tabindex=\"0\" aria-label=\"Next\">\n\t\t\t\t\t\t\t<svg aria-hidden=\"true\" class=\"e-font-icon-svg e-eicon-chevron-right\" viewBox=\"0 0 1000 1000\" xmlns=\"http:\/\/www.w3.org\/2000\/svg\"><path d=\"M696 533C708 521 713 504 713 487 713 471 708 454 696 446L400 146C388 133 375 125 354 125 338 125 325 129 313 142 300 154 292 171 292 187 292 204 296 221 308 233L563 492 304 771C292 783 288 800 288 817 288 833 296 850 308 863 321 871 338 875 354 875 371 875 388 867 400 854L696 533Z\"><\/path><\/svg>\t\t\t\t\t\t<\/div>\n\t\t\t\t\t\t\t\t\t\t\t\t\t\t\t\t<div class=\"swiper-pagination\"><\/div>\n\t\t\t\t\t\t\t\t\t\t\t\t<\/div>\n\t\t\t\t<\/div>\n\t\t\t\t\t\t\t\t<\/div>\n\t\t\t\t<\/div>\n\t\t\t\t\t<\/div>\n\t\t<\/div>\n\t\t\t\t\t<\/div>\n\t\t<\/section>\n\t\t\t\t<\/div>\n\t\t[\/vc_column_text][\/vc_column][\/vc_row][\/vc_section][vc_section ebor_gradient=\u00a0\u00bb#53B051,#07D8CD,#1193BF,#004A6B\u00a0\u00bb el_class=\u00a0\u00bbimagebg\u00a0\u00bb][vc_row gap=\u00a0\u00bb25&Prime; equal_height=\u00a0\u00bbyes\u00a0\u00bb content_placement=\u00a0\u00bbmiddle\u00a0\u00bb][vc_column width=\u00a0\u00bb1\/12&Prime;][\/vc_column][vc_column width=\u00a0\u00bb6\/12&Prime;][vc_column_text]<\/p>\n<h1 style=\"text-align: left;\">2e vie pour vos livres<\/h1>\n<p class=\"lead\" style=\"text-align: left;\">DBookfarm vous seconde de mani\u00e8re comp\u00e9tente et remet en circulation votre litt\u00e9rature sp\u00e9cialis\u00e9e.<\/p>\n<p><a class=\"btn btn--primary type--uppercase\" href=\"https:\/\/bookfarm.de\/fr\/contact\/\" rel=\"noopener\">Appelez nous!<\/a>[\/vc_column_text][\/vc_column][vc_column width=\u00a0\u00bb4\/12&Prime;][vc_single_image image=\u00a0\u00bb403&Prime; img_size=\u00a0\u00bbfull\u00a0\u00bb alignment=\u00a0\u00bbcenter\u00a0\u00bb][\/vc_column][vc_column width=\u00a0\u00bb1\/12&Prime;][\/vc_column][\/vc_row][\/vc_section]<\/p>\n<\/div>","protected":false},"excerpt":{"rendered":"<p>[vc_section css=\u00a0\u00bb.vc_custom_1533494019344{padding-bottom: 0px !important;background-color: #ffffff !important;}\u00a0\u00bb][vc_row content_placement=\u00a0\u00bbmiddle\u00a0\u00bb][vc_column width=\u00a0\u00bb5\/12&Prime;][vc_column_text] Votre partenaire biblioth\u00e9caire Trier \u2013 rien de plus ais\u00e9 Le livre symbolise \u00e9ducation et savoir. Or, la r\u00e9volution num\u00e9rique place les biblioth\u00e8ques devant de nouveaux d\u00e9fis. Et pourtant, chaque jour l\u2019un ou l\u2019autre de nos clients s\u2019enthousiasme sur notre bouquinerie en ligne d\u2019avoir enfin trouv\u00e9 un ancien [&hellip;]<\/p>\n","protected":false},"author":23,"featured_media":0,"parent":0,"menu_order":0,"comment_status":"closed","ping_status":"closed","template":"","meta":{"site-sidebar-layout":"no-sidebar","site-content-layout":"plain-container","ast-site-content-layout":"default","site-content-style":"default","site-sidebar-style":"default","ast-global-header-display":"","ast-banner-title-visibility":"","ast-main-header-display":"","ast-hfb-above-header-display":"","ast-hfb-below-header-display":"","ast-hfb-mobile-header-display":"","site-post-title":"disabled","ast-breadcrumbs-content":"","ast-featured-img":"disabled","footer-sml-layout":"","ast-disable-related-posts":"","theme-transparent-header-meta":"default","adv-header-id-meta":"","stick-header-meta":"default","header-above-stick-meta":"","header-main-stick-meta":"","header-below-stick-meta":"","astra-migrate-meta-layouts":"default","ast-page-background-enabled":"default","ast-page-background-meta":{"desktop":{"background-color":"","background-image":"","background-repeat":"repeat","background-position":"center center","background-size":"auto","background-attachment":"scroll","background-type":"","background-media":"","overlay-type":"","overlay-color":"","overlay-opacity":"","overlay-gradient":""},"tablet":{"background-color":"","background-image":"","background-repeat":"repeat","background-position":"center center","background-size":"auto","background-attachment":"scroll","background-type":"","background-media":"","overlay-type":"","overlay-color":"","overlay-opacity":"","overlay-gradient":""},"mobile":{"background-color":"","background-image":"","background-repeat":"repeat","background-position":"center center","background-size":"auto","background-attachment":"scroll","background-type":"","background-media":"","overlay-type":"","overlay-color":"","overlay-opacity":"","overlay-gradient":""}},"ast-content-background-meta":{"desktop":{"background-color":"var(--ast-global-color-5)","background-image":"","background-repeat":"repeat","background-position":"center center","background-size":"auto","background-attachment":"scroll","background-type":"","background-media":"","overlay-type":"","overlay-color":"","overlay-opacity":"","overlay-gradient":""},"tablet":{"background-color":"var(--ast-global-color-5)","background-image":"","background-repeat":"repeat","background-position":"center center","background-size":"auto","background-attachment":"scroll","background-type":"","background-media":"","overlay-type":"","overlay-color":"","overlay-opacity":"","overlay-gradient":""},"mobile":{"background-color":"var(--ast-global-color-5)","background-image":"","background-repeat":"repeat","background-position":"center center","background-size":"auto","background-attachment":"scroll","background-type":"","background-media":"","overlay-type":"","overlay-color":"","overlay-opacity":"","overlay-gradient":""}},"footnotes":""},"class_list":["post-561","page","type-page","status-publish","hentry"],"yoast_head":"<!-- This site is optimized with the Yoast SEO plugin v27.4 - https:\/\/yoast.com\/product\/yoast-seo-wordpress\/ -->\n<title>Votre partenaire biblioth\u00e9caire - Bookfarm<\/title>\n<meta name=\"description\" content=\"Ihr Bibliothekspartner bei Deakzession. 2tes Leben f\u00fcr B\u00fccher.\" \/>\n<meta name=\"robots\" content=\"index, follow, max-snippet:-1, max-image-preview:large, max-video-preview:-1\" \/>\n<link rel=\"canonical\" href=\"https:\/\/bookfarm.de\/fr\/\" \/>\n<meta property=\"og:locale\" content=\"fr_FR\" \/>\n<meta property=\"og:type\" content=\"article\" \/>\n<meta property=\"og:title\" content=\"Votre partenaire biblioth\u00e9caire - Bookfarm\" \/>\n<meta property=\"og:description\" content=\"Ihr Bibliothekspartner bei Deakzession. 2tes Leben f\u00fcr B\u00fccher.\" \/>\n<meta property=\"og:url\" content=\"https:\/\/bookfarm.de\/fr\/\" \/>\n<meta property=\"og:site_name\" content=\"Bookfarm\" \/>\n<meta property=\"article:modified_time\" content=\"2021-06-07T09:32:05+00:00\" \/>\n<meta name=\"twitter:card\" content=\"summary_large_image\" \/>\n<meta name=\"twitter:label1\" content=\"Dur\u00e9e de lecture estim\u00e9e\" \/>\n\t<meta name=\"twitter:data1\" content=\"2 minutes\" \/>\n<script type=\"application\/ld+json\" class=\"yoast-schema-graph\">{\"@context\":\"https:\\\/\\\/schema.org\",\"@graph\":[{\"@type\":\"WebPage\",\"@id\":\"https:\\\/\\\/bookfarm.de\\\/fr\\\/\",\"url\":\"https:\\\/\\\/bookfarm.de\\\/fr\\\/\",\"name\":\"Votre partenaire biblioth\u00e9caire - Bookfarm\",\"isPartOf\":{\"@id\":\"https:\\\/\\\/bookfarm.de\\\/#website\"},\"datePublished\":\"2018-08-05T11:56:33+00:00\",\"dateModified\":\"2021-06-07T09:32:05+00:00\",\"description\":\"Ihr Bibliothekspartner bei Deakzession. 2tes Leben f\u00fcr B\u00fccher.\",\"breadcrumb\":{\"@id\":\"https:\\\/\\\/bookfarm.de\\\/fr\\\/#breadcrumb\"},\"inLanguage\":\"fr-FR\",\"potentialAction\":[{\"@type\":\"ReadAction\",\"target\":[\"https:\\\/\\\/bookfarm.de\\\/fr\\\/\"]}]},{\"@type\":\"BreadcrumbList\",\"@id\":\"https:\\\/\\\/bookfarm.de\\\/fr\\\/#breadcrumb\",\"itemListElement\":[{\"@type\":\"ListItem\",\"position\":1,\"name\":\"Startseite\",\"item\":\"https:\\\/\\\/bookfarm.de\\\/fr\\\/\"},{\"@type\":\"ListItem\",\"position\":2,\"name\":\"Votre partenaire biblioth\u00e9caire\"}]},{\"@type\":\"WebSite\",\"@id\":\"https:\\\/\\\/bookfarm.de\\\/#website\",\"url\":\"https:\\\/\\\/bookfarm.de\\\/\",\"name\":\"Bookfarm\",\"description\":\"2eme vie pour les livres\",\"publisher\":{\"@id\":\"https:\\\/\\\/bookfarm.de\\\/#organization\"},\"potentialAction\":[{\"@type\":\"SearchAction\",\"target\":{\"@type\":\"EntryPoint\",\"urlTemplate\":\"https:\\\/\\\/bookfarm.de\\\/?s={search_term_string}\"},\"query-input\":{\"@type\":\"PropertyValueSpecification\",\"valueRequired\":true,\"valueName\":\"search_term_string\"}}],\"inLanguage\":\"fr-FR\"},{\"@type\":\"Organization\",\"@id\":\"https:\\\/\\\/bookfarm.de\\\/#organization\",\"name\":\"Bookfarm\",\"url\":\"https:\\\/\\\/bookfarm.de\\\/\",\"logo\":{\"@type\":\"ImageObject\",\"inLanguage\":\"fr-FR\",\"@id\":\"https:\\\/\\\/bookfarm.de\\\/#\\\/schema\\\/logo\\\/image\\\/\",\"url\":\"https:\\\/\\\/i1.wp.com\\\/bookfarm.de\\\/wp-content\\\/uploads\\\/2018\\\/09\\\/bookfarm_logo_seo.png?fit=700%2C281&ssl=1\",\"contentUrl\":\"https:\\\/\\\/i1.wp.com\\\/bookfarm.de\\\/wp-content\\\/uploads\\\/2018\\\/09\\\/bookfarm_logo_seo.png?fit=700%2C281&ssl=1\",\"width\":700,\"height\":281,\"caption\":\"Bookfarm\"},\"image\":{\"@id\":\"https:\\\/\\\/bookfarm.de\\\/#\\\/schema\\\/logo\\\/image\\\/\"}}]}<\/script>\n<!-- \/ Yoast SEO plugin. -->","yoast_head_json":{"title":"Votre partenaire biblioth\u00e9caire - Bookfarm","description":"Ihr Bibliothekspartner bei Deakzession. 2tes Leben f\u00fcr B\u00fccher.","robots":{"index":"index","follow":"follow","max-snippet":"max-snippet:-1","max-image-preview":"max-image-preview:large","max-video-preview":"max-video-preview:-1"},"canonical":"https:\/\/bookfarm.de\/fr\/","og_locale":"fr_FR","og_type":"article","og_title":"Votre partenaire biblioth\u00e9caire - Bookfarm","og_description":"Ihr Bibliothekspartner bei Deakzession. 2tes Leben f\u00fcr B\u00fccher.","og_url":"https:\/\/bookfarm.de\/fr\/","og_site_name":"Bookfarm","article_modified_time":"2021-06-07T09:32:05+00:00","twitter_card":"summary_large_image","twitter_misc":{"Dur\u00e9e de lecture estim\u00e9e":"2 minutes"},"schema":{"@context":"https:\/\/schema.org","@graph":[{"@type":"WebPage","@id":"https:\/\/bookfarm.de\/fr\/","url":"https:\/\/bookfarm.de\/fr\/","name":"Votre partenaire biblioth\u00e9caire - Bookfarm","isPartOf":{"@id":"https:\/\/bookfarm.de\/#website"},"datePublished":"2018-08-05T11:56:33+00:00","dateModified":"2021-06-07T09:32:05+00:00","description":"Ihr Bibliothekspartner bei Deakzession. 2tes Leben f\u00fcr B\u00fccher.","breadcrumb":{"@id":"https:\/\/bookfarm.de\/fr\/#breadcrumb"},"inLanguage":"fr-FR","potentialAction":[{"@type":"ReadAction","target":["https:\/\/bookfarm.de\/fr\/"]}]},{"@type":"BreadcrumbList","@id":"https:\/\/bookfarm.de\/fr\/#breadcrumb","itemListElement":[{"@type":"ListItem","position":1,"name":"Startseite","item":"https:\/\/bookfarm.de\/fr\/"},{"@type":"ListItem","position":2,"name":"Votre partenaire biblioth\u00e9caire"}]},{"@type":"WebSite","@id":"https:\/\/bookfarm.de\/#website","url":"https:\/\/bookfarm.de\/","name":"Bookfarm","description":"2eme vie pour les livres","publisher":{"@id":"https:\/\/bookfarm.de\/#organization"},"potentialAction":[{"@type":"SearchAction","target":{"@type":"EntryPoint","urlTemplate":"https:\/\/bookfarm.de\/?s={search_term_string}"},"query-input":{"@type":"PropertyValueSpecification","valueRequired":true,"valueName":"search_term_string"}}],"inLanguage":"fr-FR"},{"@type":"Organization","@id":"https:\/\/bookfarm.de\/#organization","name":"Bookfarm","url":"https:\/\/bookfarm.de\/","logo":{"@type":"ImageObject","inLanguage":"fr-FR","@id":"https:\/\/bookfarm.de\/#\/schema\/logo\/image\/","url":"https:\/\/i1.wp.com\/bookfarm.de\/wp-content\/uploads\/2018\/09\/bookfarm_logo_seo.png?fit=700%2C281&ssl=1","contentUrl":"https:\/\/i1.wp.com\/bookfarm.de\/wp-content\/uploads\/2018\/09\/bookfarm_logo_seo.png?fit=700%2C281&ssl=1","width":700,"height":281,"caption":"Bookfarm"},"image":{"@id":"https:\/\/bookfarm.de\/#\/schema\/logo\/image\/"}}]}},"_links":{"self":[{"href":"https:\/\/bookfarm.de\/fr\/wp-json\/wp\/v2\/pages\/561","targetHints":{"allow":["GET"]}}],"collection":[{"href":"https:\/\/bookfarm.de\/fr\/wp-json\/wp\/v2\/pages"}],"about":[{"href":"https:\/\/bookfarm.de\/fr\/wp-json\/wp\/v2\/types\/page"}],"author":[{"embeddable":true,"href":"https:\/\/bookfarm.de\/fr\/wp-json\/wp\/v2\/users\/23"}],"replies":[{"embeddable":true,"href":"https:\/\/bookfarm.de\/fr\/wp-json\/wp\/v2\/comments?post=561"}],"version-history":[{"count":0,"href":"https:\/\/bookfarm.de\/fr\/wp-json\/wp\/v2\/pages\/561\/revisions"}],"wp:attachment":[{"href":"https:\/\/bookfarm.de\/fr\/wp-json\/wp\/v2\/media?parent=561"}],"curies":[{"name":"wp","href":"https:\/\/api.w.org\/{rel}","templated":true}]}}