{"id":678,"date":"2018-08-05T11:56:42","date_gmt":"2018-08-05T11:56:42","guid":{"rendered":"https:\/\/bookfarm.de\/leistungen\/"},"modified":"2018-09-14T13:54:58","modified_gmt":"2018-09-14T12:54:58","slug":"leistungen","status":"publish","type":"page","link":"https:\/\/bookfarm.de\/fr\/leistungen\/","title":{"rendered":"Services"},"content":{"rendered":"<div class=\"wpb-content-wrapper\"><p>[vc_row][vc_column width=\u00a0\u00bb1\/12&Prime;][\/vc_column][vc_column width=\u00a0\u00bb10\/12&Prime;][vc_empty_space height=\u00a0\u00bb50px\u00a0\u00bb][vc_column_text]<\/p>\n<h2>Nous vous offrons des solutions de d\u00e9sherbage adapt\u00e9es \u00e0 vos besoins :<\/h2>\n<h3>Nous vous offrons des solutions de d\u00e9sherbage adapt\u00e9es \u00e0 vos besoins :<\/h3>\n<p>[\/vc_column_text][vc_empty_space height=\u00a0\u00bb50px\u00a0\u00bb][\/vc_column][vc_column width=\u00a0\u00bb1\/12&Prime;][\/vc_column][\/vc_row][vc_row gap=\u00a0\u00bb25&Prime; content_placement=\u00a0\u00bbtop\u00a0\u00bb css=\u00a0\u00bb.vc_custom_1534266140807{margin-bottom: 70px !important;background-position: 0 0 !important;background-repeat: repeat !important;}\u00a0\u00bb][vc_column width=\u00a0\u00bb1\/12&Prime;][\/vc_column][vc_column width=\u00a0\u00bb10\/12&Prime; el_class=\u00a0\u00bbborder&#8211;round box-shadow-wide\u00a0\u00bb][vc_row_inner equal_height=\u00a0\u00bbyes\u00a0\u00bb gap=\u00a0\u00bb20&Prime; css=\u00a0\u00bb.vc_custom_1534265889050{padding: 25px !important;background: #ededed url(https:\/\/bookfarm.de\/wp-content\/uploads\/2018\/08\/5011.png?id=293) !important;border-radius: 15px !important;}\u00a0\u00bb][vc_column_inner width=\u00a0\u00bb2\/3&Prime;][vc_column_text css=\u00a0\u00bb.vc_custom_1536852591847{padding-top: 25px !important;padding-right: 25px !important;padding-bottom: 25px !important;padding-left: 25px !important;}\u00a0\u00bb]<\/p>\n<h2 style=\"text-align: center;\">\u00a0<strong>In-8\u00b0 <\/strong> Bookfarm in-octavo <\/h2>\n<h4 style=\"text-align: center;\">\u00ab Le petit 8 \u00bb<\/h4>\n<ul style=\"text-align: center;\">\n<li>\u2022\tpetite acquisition (jusqu\u2019\u00e0 1&rsquo;000 titres)<\/li>\n<li>\u2022\trapide (en une semaine), simple, envoi gratuit de cartons <\/li>\n<li>\u2022\tfacturation diff\u00e9renci\u00e9e <\/li>\n<\/ul>\n<p style=\"text-align: center;\"><a class=\"btn btn--primary type--uppercase\" href=\"https:\/\/bookfarm.de\/fr\/contact\/\" target=\"_parent\" rel=\"noopener\">Pour en savoir plus<\/a><\/p>\n<p>[\/vc_column_text][\/vc_column_inner][vc_column_inner width=\u00a0\u00bb1\/3&Prime;][vc_single_image image=\u00a0\u00bb354&Prime; img_size=\u00a0\u00bbfull\u00a0\u00bb][\/vc_column_inner][\/vc_row_inner][\/vc_column][vc_column width=\u00a0\u00bb1\/12&Prime;][\/vc_column][\/vc_row][vc_row gap=\u00a0\u00bb25&Prime; content_placement=\u00a0\u00bbtop\u00a0\u00bb css=\u00a0\u00bb.vc_custom_1534266140807{margin-bottom: 70px !important;background-position: 0 0 !important;background-repeat: repeat !important;}\u00a0\u00bb][vc_column width=\u00a0\u00bb1\/12&Prime;][\/vc_column][vc_column width=\u00a0\u00bb10\/12&Prime; el_class=\u00a0\u00bbborder&#8211;round box-shadow-wide\u00a0\u00bb][vc_row_inner equal_height=\u00a0\u00bbyes\u00a0\u00bb gap=\u00a0\u00bb20&Prime; css=\u00a0\u00bb.vc_custom_1534265889050{padding: 25px !important;background: #ededed url(https:\/\/bookfarm.de\/wp-content\/uploads\/2018\/08\/5011.png?id=293) !important;border-radius: 15px !important;}\u00a0\u00bb][vc_column_inner width=\u00a0\u00bb2\/3&Prime;][vc_column_text css=\u00a0\u00bb.vc_custom_1536852582849{padding-top: 25px !important;padding-right: 25px !important;padding-bottom: 25px !important;padding-left: 25px !important;}\u00a0\u00bb]<\/p>\n<h2 style=\"text-align: center;\">\u00a0<strong>In-4\u00b0 <\/strong> Bookfarm in-quarto<\/h2>\n<h4 style=\"text-align: center;\">\u00ab Le moyen 4 \u00bb (projets de tri)<\/h4>\n<ul style=\"text-align: center;\">\n<li>quantit\u00e9 moyenne de livres (jusqu\u2019\u00e0 env. 8&rsquo;000 titres)<\/li>\n<li>facturation diff\u00e9renci\u00e9e<\/li>\n<li>rendez-vous pour le ramassage, dans les 2 semaines<\/li>\n<li>le cas \u00e9ch\u00e9ant, \u00e9valuation pr\u00e9liminaire<\/li>\n<\/ul>\n<p style=\"text-align: center;\"><a class=\"btn btn--primary type--uppercase\" href=\"https:\/\/bookfarm.de\/fr\/contact\/\" target=\"_parent\" rel=\"noopener\">Pour en savoir plus<\/a><\/p>\n<p>[\/vc_column_text][\/vc_column_inner][vc_column_inner width=\u00a0\u00bb1\/3&Prime;][vc_single_image image=\u00a0\u00bb433&Prime; img_size=\u00a0\u00bbfull\u00a0\u00bb][\/vc_column_inner][\/vc_row_inner][\/vc_column][vc_column width=\u00a0\u00bb1\/12&Prime;][\/vc_column][\/vc_row][vc_row gap=\u00a0\u00bb25&Prime; content_placement=\u00a0\u00bbtop\u00a0\u00bb css=\u00a0\u00bb.vc_custom_1534266140807{margin-bottom: 70px !important;background-position: 0 0 !important;background-repeat: repeat !important;}\u00a0\u00bb][vc_column width=\u00a0\u00bb1\/12&Prime;][\/vc_column][vc_column width=\u00a0\u00bb10\/12&Prime; el_class=\u00a0\u00bbborder&#8211;round box-shadow-wide\u00a0\u00bb][vc_row_inner equal_height=\u00a0\u00bbyes\u00a0\u00bb gap=\u00a0\u00bb20&Prime; css=\u00a0\u00bb.vc_custom_1534265889050{padding: 25px !important;background: #ededed url(https:\/\/bookfarm.de\/wp-content\/uploads\/2018\/08\/5011.png?id=293) !important;border-radius: 15px !important;}\u00a0\u00bb][vc_column_inner width=\u00a0\u00bb2\/3&Prime;][vc_column_text css=\u00a0\u00bb.vc_custom_1536852605065{padding-top: 25px !important;padding-right: 25px !important;padding-bottom: 25px !important;padding-left: 25px !important;}\u00a0\u00bb]<\/p>\n<h2 style=\"text-align: center;\">\u00a0<strong>In-f\u00b0 <\/strong> Bookfarm Folio<\/h2>\n<h4 style=\"text-align: center;\"><span>\u00ab Le grand 2 \u00bb (projet de d\u00e9sherbage complexe)<\/span><\/h4>\n<ul style=\"text-align: center;\">\n<li>quantit\u00e9 plus importante<\/li>\n<li>rendez-vous n\u00e9cessaire, car les livres sont exp\u00e9di\u00e9s<\/li>\n<li>le cas \u00e9ch\u00e9ant, ramassages partiels<\/li>\n<li>le cas \u00e9ch\u00e9ant, \u00e9valuation pr\u00e9liminaire<\/li>\n<li>facturation diff\u00e9renci\u00e9e<\/li>\n<li><\/li>\n<\/ul>\n<p style=\"text-align: center;\"><a class=\"btn btn--primary type--uppercase\" href=\"https:\/\/bookfarm.de\/fr\/contact\/\" target=\"_parent\" rel=\"noopener\">Pour en savoir plus<\/a><\/p>\n<p>[\/vc_column_text][\/vc_column_inner][vc_column_inner width=\u00a0\u00bb1\/3&Prime;][vc_single_image image=\u00a0\u00bb440&Prime; img_size=\u00a0\u00bbfull\u00a0\u00bb][\/vc_column_inner][\/vc_row_inner][\/vc_column][vc_column width=\u00a0\u00bb1\/12&Prime;][\/vc_column][\/vc_row]<\/p>\n<\/div>","protected":false},"excerpt":{"rendered":"<p>[vc_row][vc_column width=\u00a0\u00bb1\/12&Prime;][\/vc_column][vc_column width=\u00a0\u00bb10\/12&Prime;][vc_empty_space height=\u00a0\u00bb50px\u00a0\u00bb][vc_column_text] Nous vous offrons des solutions de d\u00e9sherbage adapt\u00e9es \u00e0 vos besoins : Nous vous offrons des solutions de d\u00e9sherbage adapt\u00e9es \u00e0 vos besoins : [\/vc_column_text][vc_empty_space height=\u00a0\u00bb50px\u00a0\u00bb][\/vc_column][vc_column width=\u00a0\u00bb1\/12&Prime;][\/vc_column][\/vc_row][vc_row gap=\u00a0\u00bb25&Prime; content_placement=\u00a0\u00bbtop\u00a0\u00bb css=\u00a0\u00bb.vc_custom_1534266140807{margin-bottom: 70px !important;background-position: 0 0 !important;background-repeat: repeat !important;}\u00a0\u00bb][vc_column width=\u00a0\u00bb1\/12&Prime;][\/vc_column][vc_column width=\u00a0\u00bb10\/12&Prime; el_class=\u00a0\u00bbborder&#8211;round box-shadow-wide\u00a0\u00bb][vc_row_inner equal_height=\u00a0\u00bbyes\u00a0\u00bb gap=\u00a0\u00bb20&Prime; css=\u00a0\u00bb.vc_custom_1534265889050{padding: 25px !important;background: #ededed url(https:\/\/bookfarm.de\/wp-content\/uploads\/2018\/08\/5011.png?id=293) !important;border-radius: 15px !important;}\u00a0\u00bb][vc_column_inner [&hellip;]<\/p>\n","protected":false},"author":23,"featured_media":0,"parent":0,"menu_order":0,"comment_status":"closed","ping_status":"closed","template":"","meta":{"site-sidebar-layout":"no-sidebar","site-content-layout":"plain-container","ast-site-content-layout":"default","site-content-style":"default","site-sidebar-style":"default","ast-global-header-display":"","ast-banner-title-visibility":"","ast-main-header-display":"","ast-hfb-above-header-display":"","ast-hfb-below-header-display":"","ast-hfb-mobile-header-display":"","site-post-title":"disabled","ast-breadcrumbs-content":"","ast-featured-img":"disabled","footer-sml-layout":"","ast-disable-related-posts":"","theme-transparent-header-meta":"","adv-header-id-meta":"","stick-header-meta":"","header-above-stick-meta":"","header-main-stick-meta":"","header-below-stick-meta":"","astra-migrate-meta-layouts":"default","ast-page-background-enabled":"default","ast-page-background-meta":{"desktop":{"background-color":"","background-image":"","background-repeat":"repeat","background-position":"center center","background-size":"auto","background-attachment":"scroll","background-type":"","background-media":"","overlay-type":"","overlay-color":"","overlay-opacity":"","overlay-gradient":""},"tablet":{"background-color":"","background-image":"","background-repeat":"repeat","background-position":"center center","background-size":"auto","background-attachment":"scroll","background-type":"","background-media":"","overlay-type":"","overlay-color":"","overlay-opacity":"","overlay-gradient":""},"mobile":{"background-color":"","background-image":"","background-repeat":"repeat","background-position":"center center","background-size":"auto","background-attachment":"scroll","background-type":"","background-media":"","overlay-type":"","overlay-color":"","overlay-opacity":"","overlay-gradient":""}},"ast-content-background-meta":{"desktop":{"background-color":"var(--ast-global-color-5)","background-image":"","background-repeat":"repeat","background-position":"center center","background-size":"auto","background-attachment":"scroll","background-type":"","background-media":"","overlay-type":"","overlay-color":"","overlay-opacity":"","overlay-gradient":""},"tablet":{"background-color":"var(--ast-global-color-5)","background-image":"","background-repeat":"repeat","background-position":"center center","background-size":"auto","background-attachment":"scroll","background-type":"","background-media":"","overlay-type":"","overlay-color":"","overlay-opacity":"","overlay-gradient":""},"mobile":{"background-color":"var(--ast-global-color-5)","background-image":"","background-repeat":"repeat","background-position":"center center","background-size":"auto","background-attachment":"scroll","background-type":"","background-media":"","overlay-type":"","overlay-color":"","overlay-opacity":"","overlay-gradient":""}},"footnotes":""},"class_list":["post-678","page","type-page","status-publish","hentry"],"yoast_head":"<!-- This site is optimized with the Yoast SEO plugin v27.4 - https:\/\/yoast.com\/product\/yoast-seo-wordpress\/ -->\n<title>Services - Bookfarm<\/title>\n<meta name=\"robots\" content=\"index, follow, max-snippet:-1, max-image-preview:large, max-video-preview:-1\" \/>\n<link rel=\"canonical\" href=\"https:\/\/bookfarm.de\/fr\/leistungen\/\" \/>\n<meta property=\"og:locale\" content=\"fr_FR\" \/>\n<meta property=\"og:type\" content=\"article\" \/>\n<meta property=\"og:title\" content=\"Services - Bookfarm\" \/>\n<meta property=\"og:description\" content=\"[vc_row][vc_column width=\u00a0\u00bb1\/12&Prime;][\/vc_column][vc_column width=\u00a0\u00bb10\/12&Prime;][vc_empty_space height=\u00a0\u00bb50px\u00a0\u00bb][vc_column_text] Nous vous offrons des solutions de d\u00e9sherbage adapt\u00e9es \u00e0 vos besoins : Nous vous offrons des solutions de d\u00e9sherbage adapt\u00e9es \u00e0 vos besoins : [\/vc_column_text][vc_empty_space height=\u00a0\u00bb50px\u00a0\u00bb][\/vc_column][vc_column width=\u00a0\u00bb1\/12&Prime;][\/vc_column][\/vc_row][vc_row gap=\u00a0\u00bb25&Prime; content_placement=\u00a0\u00bbtop\u00a0\u00bb css=\u00a0\u00bb.vc_custom_1534266140807{margin-bottom: 70px !important;background-position: 0 0 !important;background-repeat: repeat !important;}\u00a0\u00bb][vc_column width=\u00a0\u00bb1\/12&Prime;][\/vc_column][vc_column width=\u00a0\u00bb10\/12&Prime; el_class=\u00a0\u00bbborder&#8211;round box-shadow-wide\u00a0\u00bb][vc_row_inner equal_height=\u00a0\u00bbyes\u00a0\u00bb gap=\u00a0\u00bb20&Prime; css=\u00a0\u00bb.vc_custom_1534265889050{padding: 25px !important;background: #ededed url(https:\/\/bookfarm.de\/wp-content\/uploads\/2018\/08\/5011.png?id=293) !important;border-radius: 15px !important;}\u00a0\u00bb][vc_column_inner [&hellip;]\" \/>\n<meta property=\"og:url\" content=\"https:\/\/bookfarm.de\/fr\/leistungen\/\" \/>\n<meta property=\"og:site_name\" content=\"Bookfarm\" \/>\n<meta property=\"article:modified_time\" content=\"2018-09-14T12:54:58+00:00\" \/>\n<meta name=\"twitter:card\" content=\"summary_large_image\" \/>\n<meta name=\"twitter:label1\" content=\"Dur\u00e9e de lecture estim\u00e9e\" \/>\n\t<meta name=\"twitter:data1\" content=\"2 minutes\" \/>\n<script type=\"application\/ld+json\" class=\"yoast-schema-graph\">{\"@context\":\"https:\\\/\\\/schema.org\",\"@graph\":[{\"@type\":\"WebPage\",\"@id\":\"https:\\\/\\\/bookfarm.de\\\/fr\\\/leistungen\\\/\",\"url\":\"https:\\\/\\\/bookfarm.de\\\/fr\\\/leistungen\\\/\",\"name\":\"Services - Bookfarm\",\"isPartOf\":{\"@id\":\"https:\\\/\\\/bookfarm.de\\\/#website\"},\"datePublished\":\"2018-08-05T11:56:42+00:00\",\"dateModified\":\"2018-09-14T12:54:58+00:00\",\"breadcrumb\":{\"@id\":\"https:\\\/\\\/bookfarm.de\\\/fr\\\/leistungen\\\/#breadcrumb\"},\"inLanguage\":\"fr-FR\",\"potentialAction\":[{\"@type\":\"ReadAction\",\"target\":[\"https:\\\/\\\/bookfarm.de\\\/fr\\\/leistungen\\\/\"]}]},{\"@type\":\"BreadcrumbList\",\"@id\":\"https:\\\/\\\/bookfarm.de\\\/fr\\\/leistungen\\\/#breadcrumb\",\"itemListElement\":[{\"@type\":\"ListItem\",\"position\":1,\"name\":\"Startseite\",\"item\":\"https:\\\/\\\/bookfarm.de\\\/fr\\\/\"},{\"@type\":\"ListItem\",\"position\":2,\"name\":\"Services\"}]},{\"@type\":\"WebSite\",\"@id\":\"https:\\\/\\\/bookfarm.de\\\/#website\",\"url\":\"https:\\\/\\\/bookfarm.de\\\/\",\"name\":\"Bookfarm\",\"description\":\"2eme vie pour les livres\",\"publisher\":{\"@id\":\"https:\\\/\\\/bookfarm.de\\\/#organization\"},\"potentialAction\":[{\"@type\":\"SearchAction\",\"target\":{\"@type\":\"EntryPoint\",\"urlTemplate\":\"https:\\\/\\\/bookfarm.de\\\/?s={search_term_string}\"},\"query-input\":{\"@type\":\"PropertyValueSpecification\",\"valueRequired\":true,\"valueName\":\"search_term_string\"}}],\"inLanguage\":\"fr-FR\"},{\"@type\":\"Organization\",\"@id\":\"https:\\\/\\\/bookfarm.de\\\/#organization\",\"name\":\"Bookfarm\",\"url\":\"https:\\\/\\\/bookfarm.de\\\/\",\"logo\":{\"@type\":\"ImageObject\",\"inLanguage\":\"fr-FR\",\"@id\":\"https:\\\/\\\/bookfarm.de\\\/#\\\/schema\\\/logo\\\/image\\\/\",\"url\":\"https:\\\/\\\/i1.wp.com\\\/bookfarm.de\\\/wp-content\\\/uploads\\\/2018\\\/09\\\/bookfarm_logo_seo.png?fit=700%2C281&ssl=1\",\"contentUrl\":\"https:\\\/\\\/i1.wp.com\\\/bookfarm.de\\\/wp-content\\\/uploads\\\/2018\\\/09\\\/bookfarm_logo_seo.png?fit=700%2C281&ssl=1\",\"width\":700,\"height\":281,\"caption\":\"Bookfarm\"},\"image\":{\"@id\":\"https:\\\/\\\/bookfarm.de\\\/#\\\/schema\\\/logo\\\/image\\\/\"}}]}<\/script>\n<!-- \/ Yoast SEO plugin. -->","yoast_head_json":{"title":"Services - Bookfarm","robots":{"index":"index","follow":"follow","max-snippet":"max-snippet:-1","max-image-preview":"max-image-preview:large","max-video-preview":"max-video-preview:-1"},"canonical":"https:\/\/bookfarm.de\/fr\/leistungen\/","og_locale":"fr_FR","og_type":"article","og_title":"Services - Bookfarm","og_description":"[vc_row][vc_column width=\u00a0\u00bb1\/12&Prime;][\/vc_column][vc_column width=\u00a0\u00bb10\/12&Prime;][vc_empty_space height=\u00a0\u00bb50px\u00a0\u00bb][vc_column_text] Nous vous offrons des solutions de d\u00e9sherbage adapt\u00e9es \u00e0 vos besoins : Nous vous offrons des solutions de d\u00e9sherbage adapt\u00e9es \u00e0 vos besoins : [\/vc_column_text][vc_empty_space height=\u00a0\u00bb50px\u00a0\u00bb][\/vc_column][vc_column width=\u00a0\u00bb1\/12&Prime;][\/vc_column][\/vc_row][vc_row gap=\u00a0\u00bb25&Prime; content_placement=\u00a0\u00bbtop\u00a0\u00bb css=\u00a0\u00bb.vc_custom_1534266140807{margin-bottom: 70px !important;background-position: 0 0 !important;background-repeat: repeat !important;}\u00a0\u00bb][vc_column width=\u00a0\u00bb1\/12&Prime;][\/vc_column][vc_column width=\u00a0\u00bb10\/12&Prime; el_class=\u00a0\u00bbborder&#8211;round box-shadow-wide\u00a0\u00bb][vc_row_inner equal_height=\u00a0\u00bbyes\u00a0\u00bb gap=\u00a0\u00bb20&Prime; css=\u00a0\u00bb.vc_custom_1534265889050{padding: 25px !important;background: #ededed url(https:\/\/bookfarm.de\/wp-content\/uploads\/2018\/08\/5011.png?id=293) !important;border-radius: 15px !important;}\u00a0\u00bb][vc_column_inner [&hellip;]","og_url":"https:\/\/bookfarm.de\/fr\/leistungen\/","og_site_name":"Bookfarm","article_modified_time":"2018-09-14T12:54:58+00:00","twitter_card":"summary_large_image","twitter_misc":{"Dur\u00e9e de lecture estim\u00e9e":"2 minutes"},"schema":{"@context":"https:\/\/schema.org","@graph":[{"@type":"WebPage","@id":"https:\/\/bookfarm.de\/fr\/leistungen\/","url":"https:\/\/bookfarm.de\/fr\/leistungen\/","name":"Services - Bookfarm","isPartOf":{"@id":"https:\/\/bookfarm.de\/#website"},"datePublished":"2018-08-05T11:56:42+00:00","dateModified":"2018-09-14T12:54:58+00:00","breadcrumb":{"@id":"https:\/\/bookfarm.de\/fr\/leistungen\/#breadcrumb"},"inLanguage":"fr-FR","potentialAction":[{"@type":"ReadAction","target":["https:\/\/bookfarm.de\/fr\/leistungen\/"]}]},{"@type":"BreadcrumbList","@id":"https:\/\/bookfarm.de\/fr\/leistungen\/#breadcrumb","itemListElement":[{"@type":"ListItem","position":1,"name":"Startseite","item":"https:\/\/bookfarm.de\/fr\/"},{"@type":"ListItem","position":2,"name":"Services"}]},{"@type":"WebSite","@id":"https:\/\/bookfarm.de\/#website","url":"https:\/\/bookfarm.de\/","name":"Bookfarm","description":"2eme vie pour les livres","publisher":{"@id":"https:\/\/bookfarm.de\/#organization"},"potentialAction":[{"@type":"SearchAction","target":{"@type":"EntryPoint","urlTemplate":"https:\/\/bookfarm.de\/?s={search_term_string}"},"query-input":{"@type":"PropertyValueSpecification","valueRequired":true,"valueName":"search_term_string"}}],"inLanguage":"fr-FR"},{"@type":"Organization","@id":"https:\/\/bookfarm.de\/#organization","name":"Bookfarm","url":"https:\/\/bookfarm.de\/","logo":{"@type":"ImageObject","inLanguage":"fr-FR","@id":"https:\/\/bookfarm.de\/#\/schema\/logo\/image\/","url":"https:\/\/i1.wp.com\/bookfarm.de\/wp-content\/uploads\/2018\/09\/bookfarm_logo_seo.png?fit=700%2C281&ssl=1","contentUrl":"https:\/\/i1.wp.com\/bookfarm.de\/wp-content\/uploads\/2018\/09\/bookfarm_logo_seo.png?fit=700%2C281&ssl=1","width":700,"height":281,"caption":"Bookfarm"},"image":{"@id":"https:\/\/bookfarm.de\/#\/schema\/logo\/image\/"}}]}},"_links":{"self":[{"href":"https:\/\/bookfarm.de\/fr\/wp-json\/wp\/v2\/pages\/678","targetHints":{"allow":["GET"]}}],"collection":[{"href":"https:\/\/bookfarm.de\/fr\/wp-json\/wp\/v2\/pages"}],"about":[{"href":"https:\/\/bookfarm.de\/fr\/wp-json\/wp\/v2\/types\/page"}],"author":[{"embeddable":true,"href":"https:\/\/bookfarm.de\/fr\/wp-json\/wp\/v2\/users\/23"}],"replies":[{"embeddable":true,"href":"https:\/\/bookfarm.de\/fr\/wp-json\/wp\/v2\/comments?post=678"}],"version-history":[{"count":0,"href":"https:\/\/bookfarm.de\/fr\/wp-json\/wp\/v2\/pages\/678\/revisions"}],"wp:attachment":[{"href":"https:\/\/bookfarm.de\/fr\/wp-json\/wp\/v2\/media?parent=678"}],"curies":[{"name":"wp","href":"https:\/\/api.w.org\/{rel}","templated":true}]}}