{"id":685,"date":"2018-09-13T16:52:57","date_gmt":"2018-09-13T15:52:57","guid":{"rendered":"https:\/\/bookfarm.de\/references\/"},"modified":"2021-12-23T09:15:30","modified_gmt":"2021-12-23T08:15:30","slug":"references","status":"publish","type":"page","link":"https:\/\/bookfarm.de\/fr\/references\/","title":{"rendered":"R\u00e9f\u00e9rences"},"content":{"rendered":"<div class=\"wpb-content-wrapper\"><p>[vc_row][vc_column][vc_empty_space][vc_column_text]<\/p>\n<h2>Biblioth\u00e8ques partenaires<\/h2>\n<p><strong>Sp\u00e9cialisation : sciences et domaines particuliers<\/strong><br \/>\nNous ne mettons pas l\u2019accent sur la fiction ou les ouvrages de vulgarisation. Nos partenaires sont des biblioth\u00e8ques universitaires, scientifiques ou sp\u00e9cialis\u00e9es, incluant notamment des monast\u00e8res ou des autorit\u00e9s publiques..[\/vc_column_text][vc_empty_space][vc_column_text]Veuillez trouver ici un aper\u00e7u de nos r\u00e9f\u00e9rences. Les personnes mentionn\u00e9es entre parenth\u00e8ses sont dispos\u00e9es \u00e0 donner des renseignements \u00e0 leurs coll\u00e8gues. Pour certaines d\u2019entre elles, nous disposons d\u2019un document \u00e9crit.[\/vc_column_text][vc_empty_space][vc_column_text el_class=\u00a0\u00bbfluidcolumns\u00a0\u00bb]<strong>ALLEMAGNE<\/strong><\/p>\n<ul>\n<li>AACHEN. <b>missio<\/b><b> \u2013 Internationales Katholisches Missionswerk e. V.<\/b><\/li>\n<li>AACHEN. Di\u00f6zesanbibliothek<\/li>\n<li>ALT\u00d6TTINGEN. Kapuzinerkloster St. Magdalena<\/li>\n<li>AUGSBURG. Di\u00f6zesanbibliothek<\/li>\n<li><a href=\"http:\/\/bookfarm.de\/wp-content\/uploads\/2012\/09\/ref-ub-bay.pdf\">BAYREUTH.<\/a><a href=\"http:\/\/bookfarm.de\/wp-content\/uploads\/2012\/09\/ref-ub-bay.pdf\"> UB der Universit\u00e4t Bayreuth<\/a><a href=\"http:\/\/bookfarm.de\/wp-content\/uploads\/2012\/09\/ref-ub-bay.pdf\">(Dr. Kiel)<\/a><\/li>\n<li>BENEDIKTBEUREN. Bibliothek der Philosophisch-Theologischen Hochschule<\/li>\n<li>BERLIN. Zweigbibliothek Germanistik der Humboldt-Universit\u00e4t (Herr Pl\u00f6nzke)<\/li>\n<li>BERLIN. <a href=\"http:\/\/bookfarm.de\/wp-content\/uploads\/2012\/09\/missionswerk.pdf\" target=\"_blank\" rel=\"noopener\">Bibliothek des Evangelischen Missionswerks<\/a><\/li>\n<li>BIELEFELD. Landesgeschichtliche Bibliothek (Herr Preu\u00df)<\/li>\n<li>BONN. Institut f\u00fcr Anglistik und Amerikanistik<\/li>\n<li>BRAUNSCHWEIG. Deutsches Zentrum f\u00fcr Luft- und Raumfahrt<\/li>\n<li>DRESDEN. <a href=\"http:\/\/bookfarm.de\/wp-content\/uploads\/2013\/09\/referenzschreiben-bookfarm-1.pdf\">Bibliothek des S\u00e4chsischen Landesamt f\u00fcr Umwelt, Landwirtschaft und Geologie<\/a><\/li>\n<li>DRESDEN. Bibliothek der Ev.-Luth. Landeskirche Sachsens<\/li>\n<li>D\u00dcSSELDORF. UB der Heinrich-Heine-Universit\u00e4t (Frau G\u00f6ttker)<\/li>\n<li>ERFURT. Universit\u00e4tsbibliothek<\/li>\n<li>ERLANGEN. UB der Friedrich-Alexander-Universit\u00e4t Erlangen-N\u00fcrnberg<\/li>\n<li>ERLANGEN. Bibliothek der Universit\u00e4tshautklinik<\/li>\n<li>ETTAL. <a href=\"http:\/\/bookfarm.de\/wp-content\/uploads\/2013\/02\/ettal.pdf\">Bibliothek der Benediktinerabtei<\/a> (Frater Hieronymus Kleindienst)<\/li>\n<li>FULDA. Di\u00f6zesanbibliothek<\/li>\n<li>FRANKFURT AM MAIN . Bibliothek Gesellschafts- und Erziehungswissenschaften der GU (Rolf Voigt)<\/li>\n<li>FREIBURG IM BREISGAU . Bibliothek des Volkswirtschaftlichen Seminars<\/li>\n<li>FREIBURG IM BREISGAU . Bibliothek des Orientalischen Seminars (Frau Paul)<\/li>\n<li>FREIBURG IM BREISGAU . Bibliothek des Instituts f\u00fcr Psychologie<\/li>\n<li>GERLEVE . <strong><a href=\"http:\/\/bookfarm.de\/wp-content\/uploads\/2012\/09\/Referenz-Gerleve.pdf\" target=\"_blank\" rel=\"noopener\">Benediktinerabtei<\/a><\/strong><\/li>\n<li>HALLE AN DER SAALE. Universit\u00e4ts- und Landesbibliothek Sachsen-Anhalt<\/li>\n<li>HEIDELBERG. Universit\u00e4tsbibliothek<\/li>\n<li>HOF. Universit\u00e4tsbibliothek<\/li>\n<li>HOFGEISMAR . Bibliothek des Evang. Predigerseminars (Frau Hoefer)<\/li>\n<li>JENA. Th\u00fcringer Landesanstalt f\u00fcr Landwirtschaft<\/li>\n<li>KIEL . Deutsche Zentralbibliothek f\u00fcr Wirtschaftswissenschaften<\/li>\n<li>KIEL . ZB der Fachhochschule Kiel<\/li>\n<li>KOBLENZ . UB der Universit\u00e4t Koblenz-Landau<\/li>\n<li>REGENSBURG . Bibliothek des Instituts f\u00fcr Ost- und S\u00fcdosteuropaforschung (Herr Tegeler)<\/li>\n<li>LEIPZIG. Bibliothek der S\u00e4chsischen Akademie der Wissenschaften<\/li>\n<li>LEIPZIG. Bibliothek des Leibniz-Instituts f\u00fcr L\u00e4nderkunde<\/li>\n<li>LEIPZIG. Universit\u00e4tsbibliothek Leipzig<\/li>\n<li>LEIPZIG. Bibliothek der Handelshochschule<\/li>\n<li>LUDWIGSBURG. P\u00e4dagogische Hochschulbibliothek (Frau Spary)<\/li>\n<li>LUDWIGSBURG. Hochschule f\u00fcr \u00f6ffentliche Verwaltung und Finanzen (Herr S\u00f6ffge)<\/li>\n<li>MAINZ. Bibliothek des ZDF<\/li>\n<li>M\u00dcNCHEN . Bibliothek der Hochschule f\u00fcr Musik und Theater (Frintrop)<\/li>\n<li>M\u00dcNCHEN . Bibliothek der Hochschule f\u00fcr Philosophie (Dr. Johannes Baar SJ)<\/li>\n<li>M\u00dcNCHEN. BMW AG<\/li>\n<li>M\u00dcNCHEN . Staatsinstitut f\u00fcr Schulqualit\u00e4t und Bildungsforschung<\/li>\n<li>M\u00dcNCHEN . UB der Universit\u00e4t der Bundeswehr<\/li>\n<li>M\u00dcNCHEN . UB der Ludwig-Maximilians-Universit\u00e4t<\/li>\n<li>M\u00dcNCHEN . UB der Technische Universit\u00e4t M\u00fcnchen<\/li>\n<li>M\u00dcNCHEN . Kapuzinerkloster St. Joseph<\/li>\n<li>N\u00dcRNBERG . UB der Friedrich-Alexander-Universit\u00e4t Erlangen-N\u00fcrnberg<\/li>\n<li>OLDENBURG. Universit\u00e4tsbibliothek<\/li>\n<li>SCHMALKHALDEN. Bibliothek der FH<\/li>\n<li>SCHWERIN. Bibliothek des Landtages<\/li>\n<li>SIEGEN . UB der Universit\u00e4t Siegen (Frau Dr. Korb)<\/li>\n<li>SIEGBURG. Bibliothek der Abtei St. Michael<\/li>\n<li>SOLINGEN. Deutsches Klingenmuseum<\/li>\n<li>STUTTGART .Landeskirchliche Zentralbibliothek (L\u00fctjen)<\/li>\n<li>TRIER. Bibliothek des Bisch\u00f6flichen Priesterseminars<\/li>\n<li>T\u00dcBINGEN . UB der Eberhard Karls Universit\u00e4t (Frau Wei\u00df)<\/li>\n<li>T\u00dcBINGEN . Bibliothek des Instituts f\u00fcr Landesgeschichte<\/li>\n<li>WEINGARTEN . Hochschulbibliothek (Frau Margin)<\/li>\n<li>WEIMAR . UB der Bauhaus-Universit\u00e4t (Herr Sch\u00fcttenberg)<\/li>\n<\/ul>\n<p><strong>AUTRICHE<\/strong><\/p>\n<ul>\n<li>GRAZ . ReSoWi-Fakult\u00e4tsbibliothek (Herr Dr. Offenbacher)<\/li>\n<li>INNSBRUCK. Universit\u00e4ts- und Landesbibliothek Tirol<\/li>\n<li>KREMSM\u00dcNSTER . Bibliothek des Benediktinerstift<\/li>\n<li>SALZBURG. Di\u00f6zesanbibliothek<\/li>\n<li>SALZBURG. Universit\u00e4tsbibliothek<\/li>\n<li>WIEN . \u00d6sterreichische Zentralbibliothek Physik (Frau Kromp)<\/li>\n<li>WIEN . Fachbereichsbibliothek Germanistik (Herr Alker)<\/li>\n<\/ul>\n<p><strong>SUISSE<\/strong><\/p>\n<ul>\n<li>BASEL<\/li>\n<li>BERN<\/li>\n<li>Z\u00dcRICH. Z\u00fcrcher Hochschule der K\u00fcnste<\/li>\n<\/ul>\n<p><strong>REPUBLIQUE TCHEQUE<\/strong><\/p>\n<ul>\n<li>LIBEREC. Archiv der Kirche Jednota bratrsk\u00e1<\/li>\n<\/ul>\n<p>[\/vc_column_text][vc_empty_space][\/vc_column][\/vc_row]<\/p>\n<\/div>","protected":false},"excerpt":{"rendered":"<p>[vc_row][vc_column][vc_empty_space][vc_column_text] Biblioth\u00e8ques partenaires Sp\u00e9cialisation : sciences et domaines particuliers Nous ne mettons pas l\u2019accent sur la fiction ou les ouvrages de vulgarisation. Nos partenaires sont des biblioth\u00e8ques universitaires, scientifiques ou sp\u00e9cialis\u00e9es, incluant notamment des monast\u00e8res ou des autorit\u00e9s publiques..[\/vc_column_text][vc_empty_space][vc_column_text]Veuillez trouver ici un aper\u00e7u de nos r\u00e9f\u00e9rences. Les personnes mentionn\u00e9es entre parenth\u00e8ses sont dispos\u00e9es \u00e0 donner [&hellip;]<\/p>\n","protected":false},"author":23,"featured_media":0,"parent":0,"menu_order":0,"comment_status":"closed","ping_status":"closed","template":"","meta":{"site-sidebar-layout":"no-sidebar","site-content-layout":"plain-container","ast-site-content-layout":"default","site-content-style":"default","site-sidebar-style":"default","ast-global-header-display":"","ast-banner-title-visibility":"","ast-main-header-display":"","ast-hfb-above-header-display":"","ast-hfb-below-header-display":"","ast-hfb-mobile-header-display":"","site-post-title":"disabled","ast-breadcrumbs-content":"","ast-featured-img":"disabled","footer-sml-layout":"","ast-disable-related-posts":"","theme-transparent-header-meta":"","adv-header-id-meta":"","stick-header-meta":"","header-above-stick-meta":"","header-main-stick-meta":"","header-below-stick-meta":"","astra-migrate-meta-layouts":"default","ast-page-background-enabled":"default","ast-page-background-meta":{"desktop":{"background-color":"","background-image":"","background-repeat":"repeat","background-position":"center center","background-size":"auto","background-attachment":"scroll","background-type":"","background-media":"","overlay-type":"","overlay-color":"","overlay-opacity":"","overlay-gradient":""},"tablet":{"background-color":"","background-image":"","background-repeat":"repeat","background-position":"center center","background-size":"auto","background-attachment":"scroll","background-type":"","background-media":"","overlay-type":"","overlay-color":"","overlay-opacity":"","overlay-gradient":""},"mobile":{"background-color":"","background-image":"","background-repeat":"repeat","background-position":"center center","background-size":"auto","background-attachment":"scroll","background-type":"","background-media":"","overlay-type":"","overlay-color":"","overlay-opacity":"","overlay-gradient":""}},"ast-content-background-meta":{"desktop":{"background-color":"var(--ast-global-color-5)","background-image":"","background-repeat":"repeat","background-position":"center center","background-size":"auto","background-attachment":"scroll","background-type":"","background-media":"","overlay-type":"","overlay-color":"","overlay-opacity":"","overlay-gradient":""},"tablet":{"background-color":"var(--ast-global-color-5)","background-image":"","background-repeat":"repeat","background-position":"center center","background-size":"auto","background-attachment":"scroll","background-type":"","background-media":"","overlay-type":"","overlay-color":"","overlay-opacity":"","overlay-gradient":""},"mobile":{"background-color":"var(--ast-global-color-5)","background-image":"","background-repeat":"repeat","background-position":"center center","background-size":"auto","background-attachment":"scroll","background-type":"","background-media":"","overlay-type":"","overlay-color":"","overlay-opacity":"","overlay-gradient":""}},"footnotes":""},"class_list":["post-685","page","type-page","status-publish","hentry"],"yoast_head":"<!-- This site is optimized with the Yoast SEO plugin v27.4 - https:\/\/yoast.com\/product\/yoast-seo-wordpress\/ -->\n<title>R\u00e9f\u00e9rences - Bookfarm<\/title>\n<meta name=\"robots\" content=\"index, follow, max-snippet:-1, max-image-preview:large, max-video-preview:-1\" \/>\n<link rel=\"canonical\" href=\"https:\/\/bookfarm.de\/fr\/references\/\" \/>\n<meta property=\"og:locale\" content=\"fr_FR\" \/>\n<meta property=\"og:type\" content=\"article\" \/>\n<meta property=\"og:title\" content=\"R\u00e9f\u00e9rences - Bookfarm\" \/>\n<meta property=\"og:description\" content=\"[vc_row][vc_column][vc_empty_space][vc_column_text] Biblioth\u00e8ques partenaires Sp\u00e9cialisation : sciences et domaines particuliers Nous ne mettons pas l\u2019accent sur la fiction ou les ouvrages de vulgarisation. Nos partenaires sont des biblioth\u00e8ques universitaires, scientifiques ou sp\u00e9cialis\u00e9es, incluant notamment des monast\u00e8res ou des autorit\u00e9s publiques..[\/vc_column_text][vc_empty_space][vc_column_text]Veuillez trouver ici un aper\u00e7u de nos r\u00e9f\u00e9rences. Les personnes mentionn\u00e9es entre parenth\u00e8ses sont dispos\u00e9es \u00e0 donner [&hellip;]\" \/>\n<meta property=\"og:url\" content=\"https:\/\/bookfarm.de\/fr\/references\/\" \/>\n<meta property=\"og:site_name\" content=\"Bookfarm\" \/>\n<meta property=\"article:modified_time\" content=\"2021-12-23T08:15:30+00:00\" \/>\n<meta name=\"twitter:card\" content=\"summary_large_image\" \/>\n<meta name=\"twitter:label1\" content=\"Dur\u00e9e de lecture estim\u00e9e\" \/>\n\t<meta name=\"twitter:data1\" content=\"2 minutes\" \/>\n<script type=\"application\/ld+json\" class=\"yoast-schema-graph\">{\"@context\":\"https:\\\/\\\/schema.org\",\"@graph\":[{\"@type\":\"WebPage\",\"@id\":\"https:\\\/\\\/bookfarm.de\\\/fr\\\/references\\\/\",\"url\":\"https:\\\/\\\/bookfarm.de\\\/fr\\\/references\\\/\",\"name\":\"R\u00e9f\u00e9rences - Bookfarm\",\"isPartOf\":{\"@id\":\"https:\\\/\\\/bookfarm.de\\\/#website\"},\"datePublished\":\"2018-09-13T15:52:57+00:00\",\"dateModified\":\"2021-12-23T08:15:30+00:00\",\"breadcrumb\":{\"@id\":\"https:\\\/\\\/bookfarm.de\\\/fr\\\/references\\\/#breadcrumb\"},\"inLanguage\":\"fr-FR\",\"potentialAction\":[{\"@type\":\"ReadAction\",\"target\":[\"https:\\\/\\\/bookfarm.de\\\/fr\\\/references\\\/\"]}]},{\"@type\":\"BreadcrumbList\",\"@id\":\"https:\\\/\\\/bookfarm.de\\\/fr\\\/references\\\/#breadcrumb\",\"itemListElement\":[{\"@type\":\"ListItem\",\"position\":1,\"name\":\"Startseite\",\"item\":\"https:\\\/\\\/bookfarm.de\\\/fr\\\/\"},{\"@type\":\"ListItem\",\"position\":2,\"name\":\"R\u00e9f\u00e9rences\"}]},{\"@type\":\"WebSite\",\"@id\":\"https:\\\/\\\/bookfarm.de\\\/#website\",\"url\":\"https:\\\/\\\/bookfarm.de\\\/\",\"name\":\"Bookfarm\",\"description\":\"2eme vie pour les livres\",\"publisher\":{\"@id\":\"https:\\\/\\\/bookfarm.de\\\/#organization\"},\"potentialAction\":[{\"@type\":\"SearchAction\",\"target\":{\"@type\":\"EntryPoint\",\"urlTemplate\":\"https:\\\/\\\/bookfarm.de\\\/?s={search_term_string}\"},\"query-input\":{\"@type\":\"PropertyValueSpecification\",\"valueRequired\":true,\"valueName\":\"search_term_string\"}}],\"inLanguage\":\"fr-FR\"},{\"@type\":\"Organization\",\"@id\":\"https:\\\/\\\/bookfarm.de\\\/#organization\",\"name\":\"Bookfarm\",\"url\":\"https:\\\/\\\/bookfarm.de\\\/\",\"logo\":{\"@type\":\"ImageObject\",\"inLanguage\":\"fr-FR\",\"@id\":\"https:\\\/\\\/bookfarm.de\\\/#\\\/schema\\\/logo\\\/image\\\/\",\"url\":\"https:\\\/\\\/i1.wp.com\\\/bookfarm.de\\\/wp-content\\\/uploads\\\/2018\\\/09\\\/bookfarm_logo_seo.png?fit=700%2C281&ssl=1\",\"contentUrl\":\"https:\\\/\\\/i1.wp.com\\\/bookfarm.de\\\/wp-content\\\/uploads\\\/2018\\\/09\\\/bookfarm_logo_seo.png?fit=700%2C281&ssl=1\",\"width\":700,\"height\":281,\"caption\":\"Bookfarm\"},\"image\":{\"@id\":\"https:\\\/\\\/bookfarm.de\\\/#\\\/schema\\\/logo\\\/image\\\/\"}}]}<\/script>\n<!-- \/ Yoast SEO plugin. -->","yoast_head_json":{"title":"R\u00e9f\u00e9rences - Bookfarm","robots":{"index":"index","follow":"follow","max-snippet":"max-snippet:-1","max-image-preview":"max-image-preview:large","max-video-preview":"max-video-preview:-1"},"canonical":"https:\/\/bookfarm.de\/fr\/references\/","og_locale":"fr_FR","og_type":"article","og_title":"R\u00e9f\u00e9rences - Bookfarm","og_description":"[vc_row][vc_column][vc_empty_space][vc_column_text] Biblioth\u00e8ques partenaires Sp\u00e9cialisation : sciences et domaines particuliers Nous ne mettons pas l\u2019accent sur la fiction ou les ouvrages de vulgarisation. Nos partenaires sont des biblioth\u00e8ques universitaires, scientifiques ou sp\u00e9cialis\u00e9es, incluant notamment des monast\u00e8res ou des autorit\u00e9s publiques..[\/vc_column_text][vc_empty_space][vc_column_text]Veuillez trouver ici un aper\u00e7u de nos r\u00e9f\u00e9rences. Les personnes mentionn\u00e9es entre parenth\u00e8ses sont dispos\u00e9es \u00e0 donner [&hellip;]","og_url":"https:\/\/bookfarm.de\/fr\/references\/","og_site_name":"Bookfarm","article_modified_time":"2021-12-23T08:15:30+00:00","twitter_card":"summary_large_image","twitter_misc":{"Dur\u00e9e de lecture estim\u00e9e":"2 minutes"},"schema":{"@context":"https:\/\/schema.org","@graph":[{"@type":"WebPage","@id":"https:\/\/bookfarm.de\/fr\/references\/","url":"https:\/\/bookfarm.de\/fr\/references\/","name":"R\u00e9f\u00e9rences - Bookfarm","isPartOf":{"@id":"https:\/\/bookfarm.de\/#website"},"datePublished":"2018-09-13T15:52:57+00:00","dateModified":"2021-12-23T08:15:30+00:00","breadcrumb":{"@id":"https:\/\/bookfarm.de\/fr\/references\/#breadcrumb"},"inLanguage":"fr-FR","potentialAction":[{"@type":"ReadAction","target":["https:\/\/bookfarm.de\/fr\/references\/"]}]},{"@type":"BreadcrumbList","@id":"https:\/\/bookfarm.de\/fr\/references\/#breadcrumb","itemListElement":[{"@type":"ListItem","position":1,"name":"Startseite","item":"https:\/\/bookfarm.de\/fr\/"},{"@type":"ListItem","position":2,"name":"R\u00e9f\u00e9rences"}]},{"@type":"WebSite","@id":"https:\/\/bookfarm.de\/#website","url":"https:\/\/bookfarm.de\/","name":"Bookfarm","description":"2eme vie pour les livres","publisher":{"@id":"https:\/\/bookfarm.de\/#organization"},"potentialAction":[{"@type":"SearchAction","target":{"@type":"EntryPoint","urlTemplate":"https:\/\/bookfarm.de\/?s={search_term_string}"},"query-input":{"@type":"PropertyValueSpecification","valueRequired":true,"valueName":"search_term_string"}}],"inLanguage":"fr-FR"},{"@type":"Organization","@id":"https:\/\/bookfarm.de\/#organization","name":"Bookfarm","url":"https:\/\/bookfarm.de\/","logo":{"@type":"ImageObject","inLanguage":"fr-FR","@id":"https:\/\/bookfarm.de\/#\/schema\/logo\/image\/","url":"https:\/\/i1.wp.com\/bookfarm.de\/wp-content\/uploads\/2018\/09\/bookfarm_logo_seo.png?fit=700%2C281&ssl=1","contentUrl":"https:\/\/i1.wp.com\/bookfarm.de\/wp-content\/uploads\/2018\/09\/bookfarm_logo_seo.png?fit=700%2C281&ssl=1","width":700,"height":281,"caption":"Bookfarm"},"image":{"@id":"https:\/\/bookfarm.de\/#\/schema\/logo\/image\/"}}]}},"_links":{"self":[{"href":"https:\/\/bookfarm.de\/fr\/wp-json\/wp\/v2\/pages\/685","targetHints":{"allow":["GET"]}}],"collection":[{"href":"https:\/\/bookfarm.de\/fr\/wp-json\/wp\/v2\/pages"}],"about":[{"href":"https:\/\/bookfarm.de\/fr\/wp-json\/wp\/v2\/types\/page"}],"author":[{"embeddable":true,"href":"https:\/\/bookfarm.de\/fr\/wp-json\/wp\/v2\/users\/23"}],"replies":[{"embeddable":true,"href":"https:\/\/bookfarm.de\/fr\/wp-json\/wp\/v2\/comments?post=685"}],"version-history":[{"count":0,"href":"https:\/\/bookfarm.de\/fr\/wp-json\/wp\/v2\/pages\/685\/revisions"}],"wp:attachment":[{"href":"https:\/\/bookfarm.de\/fr\/wp-json\/wp\/v2\/media?parent=685"}],"curies":[{"name":"wp","href":"https:\/\/api.w.org\/{rel}","templated":true}]}}