{"id":1916,"date":"2023-02-06T09:34:15","date_gmt":"2023-02-06T08:34:15","guid":{"rendered":"https:\/\/bookfarm.de\/jobs\/"},"modified":"2023-02-15T19:24:10","modified_gmt":"2023-02-15T18:24:10","slug":"jobs","status":"publish","type":"page","link":"https:\/\/bookfarm.de\/ro\/jobs\/","title":{"rendered":"jobs"},"content":{"rendered":"\t\t<div data-elementor-type=\"section\" data-elementor-id=\"1919\" class=\"elementor elementor-1919 elementor-1783\" data-elementor-post-type=\"elementor_library\">\n\t\t\t\t\t<section class=\"elementor-section elementor-top-section elementor-element elementor-element-d3d8f1a elementor-section-boxed elementor-section-height-default elementor-section-height-default\" data-id=\"d3d8f1a\" data-element_type=\"section\" data-e-type=\"section\" data-settings=\"{&quot;background_background&quot;:&quot;classic&quot;}\">\n\t\t\t\t\t\t<div class=\"elementor-container elementor-column-gap-default\">\n\t\t\t\t\t<div class=\"elementor-column elementor-col-50 elementor-top-column elementor-element elementor-element-b6e7f31\" data-id=\"b6e7f31\" data-element_type=\"column\" data-e-type=\"column\" data-settings=\"{&quot;background_background&quot;:&quot;classic&quot;}\">\n\t\t\t<div class=\"elementor-widget-wrap elementor-element-populated\">\n\t\t\t\t\t\t<div class=\"elementor-element elementor-element-721b22b elementor-widget elementor-widget-text-editor\" data-id=\"721b22b\" data-element_type=\"widget\" data-e-type=\"widget\" data-widget_type=\"text-editor.default\">\n\t\t\t\t<div class=\"elementor-widget-container\">\n\t\t\t\t\t\t\t\t\t<h2><span class=\"HwtZe\" lang=\"en\"><span class=\"jCAhz ChMk0b\"><span class=\"ryNqvb\">E\u0218TI PASIONAT(\u0102) DE C\u0102R\u021aI?<\/span><\/span><\/span><\/h2><h3><span class=\"HwtZe\" lang=\"en\"><span class=\"jCAhz ChMk0b\"><span class=\"ryNqvb\">\u0218I NOI!<\/span><\/span><\/span><\/h3><p><span class=\"HwtZe\" lang=\"en\"><span class=\"jCAhz ChMk0b\"><span class=\"ryNqvb\">Avem nevoie de implicarea ta <br \/>\u00een catalogare online.<\/span><\/span><\/span><\/p><h3><span class=\"HwtZe\" lang=\"en\">Al\u0103tur\u0103-te echipei noastre dac\u0103<br \/><\/span><\/h3><ul><li>ai timp disponibil<\/li><li>vorbe\u0219ti englez\u0103, german\u0103 sau francez\u0103<\/li><li>vrei s\u0103 c\u00e2\u0219tigi un ban \u00een plus lucr\u00e2nd online<\/li><\/ul>\t\t\t\t\t\t\t\t<\/div>\n\t\t\t\t<\/div>\n\t\t\t\t<div class=\"elementor-element elementor-element-735f2bc elementor-widget elementor-widget-image\" data-id=\"735f2bc\" data-element_type=\"widget\" data-e-type=\"widget\" data-widget_type=\"image.default\">\n\t\t\t\t<div class=\"elementor-widget-container\">\n\t\t\t\t\t\t\t\t\t\t\t\t\t\t\t<img decoding=\"async\" width=\"100\" height=\"100\" src=\"https:\/\/bookfarm.de\/wp-content\/uploads\/2023\/02\/work.svg\" class=\"attachment-full size-full wp-image-1914\" alt=\"\" srcset=\"https:\/\/bookfarm.de\/wp-content\/uploads\/work.svg 150w, https:\/\/bookfarm.de\/wp-content\/uploads\/work.svg 300w, https:\/\/bookfarm.de\/wp-content\/uploads\/work.svg 768w, https:\/\/bookfarm.de\/wp-content\/uploads\/work.svg 1024w, https:\/\/bookfarm.de\/wp-content\/uploads\/work.svg 100w\" sizes=\"(max-width: 100px) 100vw, 100px\" \/>\t\t\t\t\t\t\t\t\t\t\t\t\t\t\t<\/div>\n\t\t\t\t<\/div>\n\t\t\t\t\t<\/div>\n\t\t<\/div>\n\t\t\t\t<div class=\"elementor-column elementor-col-50 elementor-top-column elementor-element elementor-element-8e3f030\" data-id=\"8e3f030\" data-element_type=\"column\" data-e-type=\"column\" data-settings=\"{&quot;background_background&quot;:&quot;classic&quot;}\">\n\t\t\t<div class=\"elementor-widget-wrap elementor-element-populated\">\n\t\t\t\t\t\t<div class=\"elementor-element elementor-element-c0268ad elementor-widget elementor-widget-heading\" data-id=\"c0268ad\" data-element_type=\"widget\" data-e-type=\"widget\" data-widget_type=\"heading.default\">\n\t\t\t\t<div class=\"elementor-widget-container\">\n\t\t\t\t\t<h2 class=\"elementor-heading-title elementor-size-default\">Contacteaz\u0103-ne!<\/h2>\t\t\t\t<\/div>\n\t\t\t\t<\/div>\n\t\t\t\t<div class=\"elementor-element elementor-element-1a04203 elementor-button-align-stretch elementor-widget elementor-widget-form\" data-id=\"1a04203\" data-element_type=\"widget\" data-e-type=\"widget\" data-settings=\"{&quot;step_next_label&quot;:&quot;Next&quot;,&quot;step_previous_label&quot;:&quot;Previous&quot;,&quot;button_width&quot;:&quot;100&quot;,&quot;step_type&quot;:&quot;number_text&quot;,&quot;step_icon_shape&quot;:&quot;circle&quot;}\" data-widget_type=\"form.default\">\n\t\t\t\t<div class=\"elementor-widget-container\">\n\t\t\t\t\t\t\t<form class=\"elementor-form\" method=\"post\" name=\"Bewerbung\" aria-label=\"Bewerbung\">\n\t\t\t<input type=\"hidden\" name=\"post_id\" value=\"1919\"\/>\n\t\t\t<input type=\"hidden\" name=\"form_id\" value=\"1a04203\"\/>\n\t\t\t<input type=\"hidden\" name=\"referer_title\" value=\"Bookfarm\" \/>\n\n\t\t\t\n\t\t\t<div class=\"elementor-form-fields-wrapper elementor-labels-above\">\n\t\t\t\t\t\t\t\t<div class=\"elementor-field-type-text elementor-field-group elementor-column elementor-field-group-name elementor-col-100\">\n\t\t\t\t\t\t\t\t\t\t\t\t<label for=\"form-field-name\" class=\"elementor-field-label\">\n\t\t\t\t\t\t\t\tNume \u0219i prenume\t\t\t\t\t\t\t<\/label>\n\t\t\t\t\t\t\t\t\t\t\t\t\t\t<input size=\"1\" type=\"text\" name=\"form_fields[name]\" id=\"form-field-name\" class=\"elementor-field elementor-size-sm  elementor-field-textual\">\n\t\t\t\t\t\t\t\t\t\t\t<\/div>\n\t\t\t\t\t\t\t\t<div class=\"elementor-field-type-email elementor-field-group elementor-column elementor-field-group-email elementor-col-100 elementor-field-required\">\n\t\t\t\t\t\t\t\t\t\t\t\t<label for=\"form-field-email\" class=\"elementor-field-label\">\n\t\t\t\t\t\t\t\tEmail\t\t\t\t\t\t\t<\/label>\n\t\t\t\t\t\t\t\t\t\t\t\t\t\t<input size=\"1\" type=\"email\" name=\"form_fields[email]\" id=\"form-field-email\" class=\"elementor-field elementor-size-sm  elementor-field-textual\" placeholder=\"Email\" required=\"required\">\n\t\t\t\t\t\t\t\t\t\t\t<\/div>\n\t\t\t\t\t\t\t\t<div class=\"elementor-field-type-number elementor-field-group elementor-column elementor-field-group-field_a8c3c7f elementor-col-50\">\n\t\t\t\t\t\t\t\t\t\t\t\t<label for=\"form-field-field_a8c3c7f\" class=\"elementor-field-label\">\n\t\t\t\t\t\t\t\tTelefon\t\t\t\t\t\t\t<\/label>\n\t\t\t\t\t\t\t\t\t<input type=\"number\" name=\"form_fields[field_a8c3c7f]\" id=\"form-field-field_a8c3c7f\" class=\"elementor-field elementor-size-sm  elementor-field-textual\" placeholder=\"+00 ...\" min=\"\" max=\"\" >\n\t\t\t\t\t\t<\/div>\n\t\t\t\t\t\t\t\t<div class=\"elementor-field-type-textarea elementor-field-group elementor-column elementor-field-group-message elementor-col-100\">\n\t\t\t\t\t\t\t\t\t\t\t\t<label for=\"form-field-message\" class=\"elementor-field-label\">\n\t\t\t\t\t\t\t\tMesajul t\u0103u\t\t\t\t\t\t\t<\/label>\n\t\t\t\t\t\t<textarea class=\"elementor-field-textual elementor-field  elementor-size-sm\" name=\"form_fields[message]\" id=\"form-field-message\" rows=\"4\"><\/textarea>\t\t\t\t<\/div>\n\t\t\t\t\t\t\t\t<div class=\"elementor-field-group elementor-column elementor-field-type-submit elementor-col-100 e-form__buttons\">\n\t\t\t\t\t<button class=\"elementor-button elementor-size-sm\" type=\"submit\">\n\t\t\t\t\t\t<span class=\"elementor-button-content-wrapper\">\n\t\t\t\t\t\t\t\t\t\t\t\t\t\t\t\t\t\t\t\t\t\t<span class=\"elementor-button-text\">Trimite<\/span>\n\t\t\t\t\t\t\t\t\t\t\t\t\t<\/span>\n\t\t\t\t\t<\/button>\n\t\t\t\t<\/div>\n\t\t\t<\/div>\n\t\t<\/form>\n\t\t\t\t\t\t<\/div>\n\t\t\t\t<\/div>\n\t\t\t\t\t<\/div>\n\t\t<\/div>\n\t\t\t\t\t<\/div>\n\t\t<\/section>\n\t\t\t\t<\/div>\n\t\t\n","protected":false},"excerpt":{"rendered":"E\u0218TI PASIONAT(\u0102) DE C\u0102R\u021aI?\u0218I NOI!Avem nevoie de implicarea ta \u00een catalogare online.Al\u0103tur\u0103-te echipei noastre dac\u0103ai timp disponibilvorbe\u0219ti englez\u0103, german\u0103 sau francez\u0103vrei s\u0103 c\u00e2\u0219tigi un ban \u00een plus lucr\u00e2nd online Contacteaz\u0103-ne! Nume \u0219i prenume Email Telefon Mesajul t\u0103u Trimite","protected":false},"author":23,"featured_media":0,"parent":0,"menu_order":0,"comment_status":"closed","ping_status":"closed","template":"","meta":{"site-sidebar-layout":"default","site-content-layout":"default","ast-site-content-layout":"default","site-content-style":"default","site-sidebar-style":"default","ast-global-header-display":"","ast-banner-title-visibility":"","ast-main-header-display":"","ast-hfb-above-header-display":"","ast-hfb-below-header-display":"","ast-hfb-mobile-header-display":"","site-post-title":"disabled","ast-breadcrumbs-content":"","ast-featured-img":"","footer-sml-layout":"","ast-disable-related-posts":"","theme-transparent-header-meta":"default","adv-header-id-meta":"","stick-header-meta":"default","header-above-stick-meta":"","header-main-stick-meta":"","header-below-stick-meta":"","astra-migrate-meta-layouts":"default","ast-page-background-enabled":"default","ast-page-background-meta":{"desktop":{"background-color":"","background-image":"","background-repeat":"repeat","background-position":"center center","background-size":"auto","background-attachment":"scroll","background-type":"","background-media":"","overlay-type":"","overlay-color":"","overlay-opacity":"","overlay-gradient":""},"tablet":{"background-color":"","background-image":"","background-repeat":"repeat","background-position":"center center","background-size":"auto","background-attachment":"scroll","background-type":"","background-media":"","overlay-type":"","overlay-color":"","overlay-opacity":"","overlay-gradient":""},"mobile":{"background-color":"","background-image":"","background-repeat":"repeat","background-position":"center center","background-size":"auto","background-attachment":"scroll","background-type":"","background-media":"","overlay-type":"","overlay-color":"","overlay-opacity":"","overlay-gradient":""}},"ast-content-background-meta":{"desktop":{"background-color":"var(--ast-global-color-5)","background-image":"","background-repeat":"repeat","background-position":"center center","background-size":"auto","background-attachment":"scroll","background-type":"","background-media":"","overlay-type":"","overlay-color":"","overlay-opacity":"","overlay-gradient":""},"tablet":{"background-color":"var(--ast-global-color-5)","background-image":"","background-repeat":"repeat","background-position":"center center","background-size":"auto","background-attachment":"scroll","background-type":"","background-media":"","overlay-type":"","overlay-color":"","overlay-opacity":"","overlay-gradient":""},"mobile":{"background-color":"var(--ast-global-color-5)","background-image":"","background-repeat":"repeat","background-position":"center center","background-size":"auto","background-attachment":"scroll","background-type":"","background-media":"","overlay-type":"","overlay-color":"","overlay-opacity":"","overlay-gradient":""}},"footnotes":""},"class_list":["post-1916","page","type-page","status-publish","hentry"],"yoast_head":"<!-- This site is optimized with the Yoast SEO plugin v27.4 - https:\/\/yoast.com\/product\/yoast-seo-wordpress\/ -->\n<title>jobs - Bookfarm<\/title>\n<meta name=\"robots\" content=\"index, follow, max-snippet:-1, max-image-preview:large, max-video-preview:-1\" \/>\n<link rel=\"canonical\" href=\"https:\/\/bookfarm.de\/ro\/jobs\/\" \/>\n<meta property=\"og:locale\" content=\"ro_RO\" \/>\n<meta property=\"og:type\" content=\"article\" \/>\n<meta property=\"og:title\" content=\"jobs - Bookfarm\" \/>\n<meta property=\"og:url\" content=\"https:\/\/bookfarm.de\/ro\/jobs\/\" \/>\n<meta property=\"og:site_name\" content=\"Bookfarm\" \/>\n<meta property=\"article:modified_time\" content=\"2023-02-15T18:24:10+00:00\" \/>\n<meta name=\"twitter:card\" content=\"summary_large_image\" \/>\n<meta name=\"twitter:label1\" content=\"Timp estimat pentru citire\" \/>\n\t<meta name=\"twitter:data1\" content=\"1 minut\" \/>\n<script type=\"application\/ld+json\" class=\"yoast-schema-graph\">{\"@context\":\"https:\\\/\\\/schema.org\",\"@graph\":[{\"@type\":\"WebPage\",\"@id\":\"https:\\\/\\\/bookfarm.de\\\/ro\\\/jobs\\\/\",\"url\":\"https:\\\/\\\/bookfarm.de\\\/ro\\\/jobs\\\/\",\"name\":\"jobs - Bookfarm\",\"isPartOf\":{\"@id\":\"https:\\\/\\\/bookfarm.de\\\/#website\"},\"datePublished\":\"2023-02-06T08:34:15+00:00\",\"dateModified\":\"2023-02-15T18:24:10+00:00\",\"breadcrumb\":{\"@id\":\"https:\\\/\\\/bookfarm.de\\\/ro\\\/jobs\\\/#breadcrumb\"},\"inLanguage\":\"ro-RO\",\"potentialAction\":[{\"@type\":\"ReadAction\",\"target\":[\"https:\\\/\\\/bookfarm.de\\\/ro\\\/jobs\\\/\"]}]},{\"@type\":\"BreadcrumbList\",\"@id\":\"https:\\\/\\\/bookfarm.de\\\/ro\\\/jobs\\\/#breadcrumb\",\"itemListElement\":[{\"@type\":\"ListItem\",\"position\":1,\"name\":\"Startseite\",\"item\":\"https:\\\/\\\/bookfarm.de\\\/\"},{\"@type\":\"ListItem\",\"position\":2,\"name\":\"jobs\"}]},{\"@type\":\"WebSite\",\"@id\":\"https:\\\/\\\/bookfarm.de\\\/#website\",\"url\":\"https:\\\/\\\/bookfarm.de\\\/\",\"name\":\"Bookfarm\",\"description\":\"2tes Leben f\u00fcr B\u00fccher\",\"publisher\":{\"@id\":\"https:\\\/\\\/bookfarm.de\\\/#organization\"},\"potentialAction\":[{\"@type\":\"SearchAction\",\"target\":{\"@type\":\"EntryPoint\",\"urlTemplate\":\"https:\\\/\\\/bookfarm.de\\\/?s={search_term_string}\"},\"query-input\":{\"@type\":\"PropertyValueSpecification\",\"valueRequired\":true,\"valueName\":\"search_term_string\"}}],\"inLanguage\":\"ro-RO\"},{\"@type\":\"Organization\",\"@id\":\"https:\\\/\\\/bookfarm.de\\\/#organization\",\"name\":\"Bookfarm\",\"url\":\"https:\\\/\\\/bookfarm.de\\\/\",\"logo\":{\"@type\":\"ImageObject\",\"inLanguage\":\"ro-RO\",\"@id\":\"https:\\\/\\\/bookfarm.de\\\/#\\\/schema\\\/logo\\\/image\\\/\",\"url\":\"https:\\\/\\\/i1.wp.com\\\/bookfarm.de\\\/wp-content\\\/uploads\\\/2018\\\/09\\\/bookfarm_logo_seo.png?fit=700%2C281&ssl=1\",\"contentUrl\":\"https:\\\/\\\/i1.wp.com\\\/bookfarm.de\\\/wp-content\\\/uploads\\\/2018\\\/09\\\/bookfarm_logo_seo.png?fit=700%2C281&ssl=1\",\"width\":700,\"height\":281,\"caption\":\"Bookfarm\"},\"image\":{\"@id\":\"https:\\\/\\\/bookfarm.de\\\/#\\\/schema\\\/logo\\\/image\\\/\"}}]}<\/script>\n<!-- \/ Yoast SEO plugin. -->","yoast_head_json":{"title":"jobs - Bookfarm","robots":{"index":"index","follow":"follow","max-snippet":"max-snippet:-1","max-image-preview":"max-image-preview:large","max-video-preview":"max-video-preview:-1"},"canonical":"https:\/\/bookfarm.de\/ro\/jobs\/","og_locale":"ro_RO","og_type":"article","og_title":"jobs - Bookfarm","og_url":"https:\/\/bookfarm.de\/ro\/jobs\/","og_site_name":"Bookfarm","article_modified_time":"2023-02-15T18:24:10+00:00","twitter_card":"summary_large_image","twitter_misc":{"Timp estimat pentru citire":"1 minut"},"schema":{"@context":"https:\/\/schema.org","@graph":[{"@type":"WebPage","@id":"https:\/\/bookfarm.de\/ro\/jobs\/","url":"https:\/\/bookfarm.de\/ro\/jobs\/","name":"jobs - Bookfarm","isPartOf":{"@id":"https:\/\/bookfarm.de\/#website"},"datePublished":"2023-02-06T08:34:15+00:00","dateModified":"2023-02-15T18:24:10+00:00","breadcrumb":{"@id":"https:\/\/bookfarm.de\/ro\/jobs\/#breadcrumb"},"inLanguage":"ro-RO","potentialAction":[{"@type":"ReadAction","target":["https:\/\/bookfarm.de\/ro\/jobs\/"]}]},{"@type":"BreadcrumbList","@id":"https:\/\/bookfarm.de\/ro\/jobs\/#breadcrumb","itemListElement":[{"@type":"ListItem","position":1,"name":"Startseite","item":"https:\/\/bookfarm.de\/"},{"@type":"ListItem","position":2,"name":"jobs"}]},{"@type":"WebSite","@id":"https:\/\/bookfarm.de\/#website","url":"https:\/\/bookfarm.de\/","name":"Bookfarm","description":"2tes Leben f\u00fcr B\u00fccher","publisher":{"@id":"https:\/\/bookfarm.de\/#organization"},"potentialAction":[{"@type":"SearchAction","target":{"@type":"EntryPoint","urlTemplate":"https:\/\/bookfarm.de\/?s={search_term_string}"},"query-input":{"@type":"PropertyValueSpecification","valueRequired":true,"valueName":"search_term_string"}}],"inLanguage":"ro-RO"},{"@type":"Organization","@id":"https:\/\/bookfarm.de\/#organization","name":"Bookfarm","url":"https:\/\/bookfarm.de\/","logo":{"@type":"ImageObject","inLanguage":"ro-RO","@id":"https:\/\/bookfarm.de\/#\/schema\/logo\/image\/","url":"https:\/\/i1.wp.com\/bookfarm.de\/wp-content\/uploads\/2018\/09\/bookfarm_logo_seo.png?fit=700%2C281&ssl=1","contentUrl":"https:\/\/i1.wp.com\/bookfarm.de\/wp-content\/uploads\/2018\/09\/bookfarm_logo_seo.png?fit=700%2C281&ssl=1","width":700,"height":281,"caption":"Bookfarm"},"image":{"@id":"https:\/\/bookfarm.de\/#\/schema\/logo\/image\/"}}]}},"_links":{"self":[{"href":"https:\/\/bookfarm.de\/ro\/wp-json\/wp\/v2\/pages\/1916","targetHints":{"allow":["GET"]}}],"collection":[{"href":"https:\/\/bookfarm.de\/ro\/wp-json\/wp\/v2\/pages"}],"about":[{"href":"https:\/\/bookfarm.de\/ro\/wp-json\/wp\/v2\/types\/page"}],"author":[{"embeddable":true,"href":"https:\/\/bookfarm.de\/ro\/wp-json\/wp\/v2\/users\/23"}],"replies":[{"embeddable":true,"href":"https:\/\/bookfarm.de\/ro\/wp-json\/wp\/v2\/comments?post=1916"}],"version-history":[{"count":0,"href":"https:\/\/bookfarm.de\/ro\/wp-json\/wp\/v2\/pages\/1916\/revisions"}],"wp:attachment":[{"href":"https:\/\/bookfarm.de\/ro\/wp-json\/wp\/v2\/media?parent=1916"}],"curies":[{"name":"wp","href":"https:\/\/api.w.org\/{rel}","templated":true}]}}